{"id":10501,"date":"2021-03-11T14:14:41","date_gmt":"2021-03-11T19:14:41","guid":{"rendered":"https:\/\/seq.ca\/?page_id=10501"},"modified":"2022-09-07T17:33:27","modified_gmt":"2022-09-07T21:33:27","slug":"parrainage","status":"publish","type":"page","link":"https:\/\/seq.ca\/en\/antennae\/parrainage\/","title":{"rendered":"Parrainage du bulletin Antennae de las SEQ"},"content":{"rendered":"<div class=\"wp-block-columns is-layout-flex wp-container-core-columns-is-layout-9d6595d7 wp-block-columns-is-layout-flex\">\n<div class=\"wp-block-column is-layout-flow wp-block-column-is-layout-flow\">\n<figure class=\"wp-block-image size-full\"><img loading=\"lazy\" decoding=\"async\" width=\"642\" height=\"204\" src=\"https:\/\/seq.ca\/wp-content\/uploads\/2021\/11\/Anatis.png\" alt=\"\" class=\"wp-image-11157\" srcset=\"https:\/\/seq.ca\/wp-content\/uploads\/2021\/11\/Anatis.png 642w, https:\/\/seq.ca\/wp-content\/uploads\/2021\/11\/Anatis-300x95.png 300w, https:\/\/seq.ca\/wp-content\/uploads\/2021\/11\/Anatis-189x60.png 189w, https:\/\/seq.ca\/wp-content\/uploads\/2021\/11\/Anatis-600x191.png 600w\" sizes=\"auto, (max-width: 642px) 100vw, 642px\" \/><\/figure>\n<\/div>\n\n\n\n<div class=\"wp-block-column is-layout-flow wp-block-column-is-layout-flow\">\n<figure class=\"wp-block-image size-large\"><img loading=\"lazy\" decoding=\"async\" width=\"300\" height=\"182\" src=\"https:\/\/seq.ca\/wp-content\/uploads\/2021\/03\/APCQ_Antennae_web-3.jpg\" alt=\"\" class=\"wp-image-10512\" srcset=\"https:\/\/seq.ca\/wp-content\/uploads\/2021\/03\/APCQ_Antennae_web-3.jpg 300w, https:\/\/seq.ca\/wp-content\/uploads\/2021\/03\/APCQ_Antennae_web-3-99x60.jpg 99w\" sizes=\"auto, (max-width: 300px) 100vw, 300px\" \/><\/figure>\n<\/div>\n\n\n\n<div class=\"wp-block-column is-layout-flow wp-block-column-is-layout-flow\">\n<figure class=\"wp-block-image size-large\"><img loading=\"lazy\" decoding=\"async\" width=\"288\" height=\"190\" src=\"https:\/\/seq.ca\/wp-content\/uploads\/2021\/03\/AQGP_w2.jpg\" alt=\"\" class=\"wp-image-10573\" srcset=\"https:\/\/seq.ca\/wp-content\/uploads\/2021\/03\/AQGP_w2.jpg 288w, https:\/\/seq.ca\/wp-content\/uploads\/2021\/03\/AQGP_w2-91x60.jpg 91w\" sizes=\"auto, (max-width: 288px) 100vw, 288px\" \/><\/figure>\n<\/div>\n<\/div>\n\n\n\n<div class=\"wp-block-columns is-layout-flex wp-container-core-columns-is-layout-9d6595d7 wp-block-columns-is-layout-flex\">\n<div class=\"wp-block-column is-layout-flow wp-block-column-is-layout-flow\">\n<figure class=\"wp-block-image size-large\"><img loading=\"lazy\" decoding=\"async\" width=\"264\" height=\"112\" src=\"https:\/\/seq.ca\/wp-content\/uploads\/2021\/03\/Atelier-Jean-Paquet_w-3.png\" alt=\"\" class=\"wp-image-10514\" srcset=\"https:\/\/seq.ca\/wp-content\/uploads\/2021\/03\/Atelier-Jean-Paquet_w-3.png 264w, https:\/\/seq.ca\/wp-content\/uploads\/2021\/03\/Atelier-Jean-Paquet_w-3-141x60.png 141w\" sizes=\"auto, (max-width: 264px) 100vw, 264px\" \/><\/figure>\n<\/div>\n\n\n\n<div class=\"wp-block-column is-layout-flow wp-block-column-is-layout-flow\">\n<figure class=\"wp-block-image size-large\"><img loading=\"lazy\" decoding=\"async\" width=\"256\" height=\"117\" src=\"https:\/\/seq.ca\/wp-content\/uploads\/2021\/03\/Biopterre_web-3.png\" alt=\"\" class=\"wp-image-10515\" srcset=\"https:\/\/seq.ca\/wp-content\/uploads\/2021\/03\/Biopterre_web-3.png 256w, https:\/\/seq.ca\/wp-content\/uploads\/2021\/03\/Biopterre_web-3-131x60.png 131w\" sizes=\"auto, (max-width: 256px) 100vw, 256px\" \/><\/figure>\n<\/div>\n\n\n\n<div class=\"wp-block-column is-layout-flow wp-block-column-is-layout-flow\">\n<figure class=\"wp-block-image size-large\"><img loading=\"lazy\" decoding=\"async\" width=\"253\" height=\"124\" src=\"https:\/\/seq.ca\/wp-content\/uploads\/2021\/03\/Biotepp_logo_w_5-fev-2021-3.jpg\" alt=\"\" class=\"wp-image-10516\" srcset=\"https:\/\/seq.ca\/wp-content\/uploads\/2021\/03\/Biotepp_logo_w_5-fev-2021-3.jpg 253w, https:\/\/seq.ca\/wp-content\/uploads\/2021\/03\/Biotepp_logo_w_5-fev-2021-3-122x60.jpg 122w\" sizes=\"auto, (max-width: 253px) 100vw, 253px\" \/><\/figure>\n<\/div>\n<\/div>\n\n\n\n<div class=\"wp-block-columns is-layout-flex wp-container-core-columns-is-layout-9d6595d7 wp-block-columns-is-layout-flex\">\n<div class=\"wp-block-column is-layout-flow wp-block-column-is-layout-flow\">\n<figure class=\"wp-block-image size-large\"><img loading=\"lazy\" decoding=\"async\" width=\"216\" height=\"194\" src=\"https:\/\/seq.ca\/wp-content\/uploads\/2021\/03\/CRAAQ_72dpi_485x435_RVB_craaq_seul_2020_w-2.jpg\" alt=\"\" class=\"wp-image-10518\" srcset=\"https:\/\/seq.ca\/wp-content\/uploads\/2021\/03\/CRAAQ_72dpi_485x435_RVB_craaq_seul_2020_w-2.jpg 216w, https:\/\/seq.ca\/wp-content\/uploads\/2021\/03\/CRAAQ_72dpi_485x435_RVB_craaq_seul_2020_w-2-67x60.jpg 67w\" sizes=\"auto, (max-width: 216px) 100vw, 216px\" \/><\/figure>\n<\/div>\n\n\n\n<div class=\"wp-block-column is-layout-flow wp-block-column-is-layout-flow\">\n<figure class=\"wp-block-image size-large\"><img loading=\"lazy\" decoding=\"async\" width=\"153\" height=\"168\" src=\"https:\/\/seq.ca\/wp-content\/uploads\/2021\/03\/Distrib-Solida_w-2.jpg\" alt=\"\" class=\"wp-image-10519\" srcset=\"https:\/\/seq.ca\/wp-content\/uploads\/2021\/03\/Distrib-Solida_w-2.jpg 153w, https:\/\/seq.ca\/wp-content\/uploads\/2021\/03\/Distrib-Solida_w-2-55x60.jpg 55w\" sizes=\"auto, (max-width: 153px) 100vw, 153px\" \/><\/figure>\n<\/div>\n\n\n\n<div class=\"wp-block-column is-layout-flow wp-block-column-is-layout-flow\">\n<figure class=\"wp-block-image size-large\"><img loading=\"lazy\" decoding=\"async\" width=\"300\" height=\"195\" src=\"https:\/\/seq.ca\/wp-content\/uploads\/2021\/03\/entosystem_20210112_Liberer_w-2.jpg\" alt=\"\" class=\"wp-image-10520\" srcset=\"https:\/\/seq.ca\/wp-content\/uploads\/2021\/03\/entosystem_20210112_Liberer_w-2.jpg 300w, https:\/\/seq.ca\/wp-content\/uploads\/2021\/03\/entosystem_20210112_Liberer_w-2-92x60.jpg 92w\" sizes=\"auto, (max-width: 300px) 100vw, 300px\" \/><\/figure>\n<\/div>\n<\/div>\n\n\n\n<div class=\"wp-block-columns is-layout-flex wp-container-core-columns-is-layout-9d6595d7 wp-block-columns-is-layout-flex\">\n<div class=\"wp-block-column is-layout-flow wp-block-column-is-layout-flow\">\n<figure class=\"wp-block-image size-large\"><img loading=\"lazy\" decoding=\"async\" width=\"198\" height=\"145\" src=\"https:\/\/seq.ca\/wp-content\/uploads\/2021\/03\/Entretien-ssouci_w-2.jpg\" alt=\"\" class=\"wp-image-10521\" srcset=\"https:\/\/seq.ca\/wp-content\/uploads\/2021\/03\/Entretien-ssouci_w-2.jpg 198w, https:\/\/seq.ca\/wp-content\/uploads\/2021\/03\/Entretien-ssouci_w-2-82x60.jpg 82w\" sizes=\"auto, (max-width: 198px) 100vw, 198px\" \/><\/figure>\n<\/div>\n\n\n\n<div class=\"wp-block-column is-layout-flow wp-block-column-is-layout-flow\">\n<figure class=\"wp-block-image size-large\"><img loading=\"lazy\" decoding=\"async\" width=\"300\" height=\"156\" src=\"https:\/\/seq.ca\/wp-content\/uploads\/2021\/03\/EPLV_Insectarium_rgb_w-2.jpg\" alt=\"\" class=\"wp-image-10522\" srcset=\"https:\/\/seq.ca\/wp-content\/uploads\/2021\/03\/EPLV_Insectarium_rgb_w-2.jpg 300w, https:\/\/seq.ca\/wp-content\/uploads\/2021\/03\/EPLV_Insectarium_rgb_w-2-115x60.jpg 115w\" sizes=\"auto, (max-width: 300px) 100vw, 300px\" \/><\/figure>\n<\/div>\n\n\n\n<div class=\"wp-block-column is-layout-flow wp-block-column-is-layout-flow\">\n<figure class=\"wp-block-image size-large\"><img loading=\"lazy\" decoding=\"async\" width=\"250\" height=\"94\" src=\"https:\/\/seq.ca\/wp-content\/uploads\/2021\/03\/GDG_Kersia_w-2.jpg\" alt=\"\" class=\"wp-image-10524\" srcset=\"https:\/\/seq.ca\/wp-content\/uploads\/2021\/03\/GDG_Kersia_w-2.jpg 250w, https:\/\/seq.ca\/wp-content\/uploads\/2021\/03\/GDG_Kersia_w-2-160x60.jpg 160w\" sizes=\"auto, (max-width: 250px) 100vw, 250px\" \/><\/figure>\n<\/div>\n<\/div>\n\n\n\n<div class=\"wp-block-columns is-layout-flex wp-container-core-columns-is-layout-9d6595d7 wp-block-columns-is-layout-flex\">\n<div class=\"wp-block-column is-layout-flow wp-block-column-is-layout-flow\">\n<figure class=\"wp-block-image alignwide size-large\"><img loading=\"lazy\" decoding=\"async\" width=\"1024\" height=\"307\" src=\"https:\/\/seq.ca\/wp-content\/uploads\/2021\/04\/QUEBEC_ecran_2coul-1-1024x307.jpg\" alt=\"\" class=\"wp-image-10674\" srcset=\"https:\/\/seq.ca\/wp-content\/uploads\/2021\/04\/QUEBEC_ecran_2coul-1-1024x307.jpg 1024w, https:\/\/seq.ca\/wp-content\/uploads\/2021\/04\/QUEBEC_ecran_2coul-1-300x90.jpg 300w, https:\/\/seq.ca\/wp-content\/uploads\/2021\/04\/QUEBEC_ecran_2coul-1-768x230.jpg 768w, https:\/\/seq.ca\/wp-content\/uploads\/2021\/04\/QUEBEC_ecran_2coul-1-200x60.jpg 200w, https:\/\/seq.ca\/wp-content\/uploads\/2021\/04\/QUEBEC_ecran_2coul-1-600x180.jpg 600w, https:\/\/seq.ca\/wp-content\/uploads\/2021\/04\/QUEBEC_ecran_2coul-1.jpg 1120w\" sizes=\"auto, (max-width: 1024px) 100vw, 1024px\" \/><\/figure>\n<\/div>\n\n\n\n<div class=\"wp-block-column is-layout-flow wp-block-column-is-layout-flow\">\n<figure class=\"wp-block-image size-large\"><img loading=\"lazy\" decoding=\"async\" width=\"252\" height=\"154\" src=\"https:\/\/seq.ca\/wp-content\/uploads\/2021\/03\/Hagen-Industries_w-2.jpg\" alt=\"\" class=\"wp-image-10526\" srcset=\"https:\/\/seq.ca\/wp-content\/uploads\/2021\/03\/Hagen-Industries_w-2.jpg 252w, https:\/\/seq.ca\/wp-content\/uploads\/2021\/03\/Hagen-Industries_w-2-98x60.jpg 98w\" sizes=\"auto, (max-width: 252px) 100vw, 252px\" \/><\/figure>\n<\/div>\n\n\n\n<div class=\"wp-block-column is-layout-flow wp-block-column-is-layout-flow\">\n<figure class=\"wp-block-image size-large\"><img loading=\"lazy\" decoding=\"async\" width=\"253\" height=\"68\" src=\"https:\/\/seq.ca\/wp-content\/uploads\/2021\/03\/IRBV_web-2.png\" alt=\"\" class=\"wp-image-10527\" srcset=\"https:\/\/seq.ca\/wp-content\/uploads\/2021\/03\/IRBV_web-2.png 253w, https:\/\/seq.ca\/wp-content\/uploads\/2021\/03\/IRBV_web-2-200x54.png 200w\" sizes=\"auto, (max-width: 253px) 100vw, 253px\" \/><\/figure>\n<\/div>\n<\/div>\n\n\n\n<div class=\"wp-block-columns is-layout-flex wp-container-core-columns-is-layout-9d6595d7 wp-block-columns-is-layout-flex\">\n<div class=\"wp-block-column is-layout-flow wp-block-column-is-layout-flow\">\n<figure class=\"wp-block-image size-large\"><img loading=\"lazy\" decoding=\"async\" width=\"144\" height=\"183\" src=\"https:\/\/seq.ca\/wp-content\/uploads\/2021\/03\/la_mexicoise_whitebackground_w-2.jpg\" alt=\"\" class=\"wp-image-10528\" srcset=\"https:\/\/seq.ca\/wp-content\/uploads\/2021\/03\/la_mexicoise_whitebackground_w-2.jpg 144w, https:\/\/seq.ca\/wp-content\/uploads\/2021\/03\/la_mexicoise_whitebackground_w-2-47x60.jpg 47w\" sizes=\"auto, (max-width: 144px) 100vw, 144px\" \/><\/figure>\n<\/div>\n\n\n\n<div class=\"wp-block-column is-layout-flow wp-block-column-is-layout-flow\">\n<figure class=\"wp-block-image size-large is-resized\"><img loading=\"lazy\" decoding=\"async\" src=\"https:\/\/seq.ca\/wp-content\/uploads\/2021\/03\/MaheuMaheu_w.png\" alt=\"\" class=\"wp-image-10574\" width=\"345\" height=\"187\" srcset=\"https:\/\/seq.ca\/wp-content\/uploads\/2021\/03\/MaheuMaheu_w.png 696w, https:\/\/seq.ca\/wp-content\/uploads\/2021\/03\/MaheuMaheu_w-300x163.png 300w, https:\/\/seq.ca\/wp-content\/uploads\/2021\/03\/MaheuMaheu_w-111x60.png 111w, https:\/\/seq.ca\/wp-content\/uploads\/2021\/03\/MaheuMaheu_w-600x325.png 600w\" sizes=\"auto, (max-width: 345px) 100vw, 345px\" \/><\/figure>\n<\/div>\n\n\n\n<div class=\"wp-block-column is-layout-flow wp-block-column-is-layout-flow\">\n<figure class=\"wp-block-image size-large\"><img loading=\"lazy\" decoding=\"async\" width=\"268\" height=\"119\" src=\"https:\/\/seq.ca\/wp-content\/uploads\/2021\/03\/Parabio_2018-2019_web-2.jpg\" alt=\"\" class=\"wp-image-10531\" srcset=\"https:\/\/seq.ca\/wp-content\/uploads\/2021\/03\/Parabio_2018-2019_web-2.jpg 268w, https:\/\/seq.ca\/wp-content\/uploads\/2021\/03\/Parabio_2018-2019_web-2-135x60.jpg 135w\" sizes=\"auto, (max-width: 268px) 100vw, 268px\" \/><\/figure>\n<\/div>\n<\/div>\n\n\n\n<div class=\"wp-block-columns is-layout-flex wp-container-core-columns-is-layout-9d6595d7 wp-block-columns-is-layout-flex\">\n<div class=\"wp-block-column is-layout-flow wp-block-column-is-layout-flow\">\n<figure class=\"wp-block-image size-large\"><img loading=\"lazy\" decoding=\"async\" width=\"179\" height=\"131\" src=\"https:\/\/seq.ca\/wp-content\/uploads\/2021\/03\/PGQ_w-2.png\" alt=\"\" class=\"wp-image-10532\" srcset=\"https:\/\/seq.ca\/wp-content\/uploads\/2021\/03\/PGQ_w-2.png 179w, https:\/\/seq.ca\/wp-content\/uploads\/2021\/03\/PGQ_w-2-82x60.png 82w\" sizes=\"auto, (max-width: 179px) 100vw, 179px\" \/><\/figure>\n<\/div>\n\n\n\n<div class=\"wp-block-column is-layout-flow wp-block-column-is-layout-flow\">\n<figure class=\"wp-block-image size-large\"><img loading=\"lazy\" decoding=\"async\" width=\"275\" height=\"90\" src=\"https:\/\/seq.ca\/wp-content\/uploads\/2021\/03\/Premier_Tech-Logo_Horizontal-Bleu-PMS_w-2.jpg\" alt=\"\" class=\"wp-image-10533\" srcset=\"https:\/\/seq.ca\/wp-content\/uploads\/2021\/03\/Premier_Tech-Logo_Horizontal-Bleu-PMS_w-2.jpg 275w, https:\/\/seq.ca\/wp-content\/uploads\/2021\/03\/Premier_Tech-Logo_Horizontal-Bleu-PMS_w-2-183x60.jpg 183w\" sizes=\"auto, (max-width: 275px) 100vw, 275px\" \/><\/figure>\n<\/div>\n\n\n\n<div class=\"wp-block-column is-layout-flow wp-block-column-is-layout-flow\">\n<figure class=\"wp-block-image size-large\"><img loading=\"lazy\" decoding=\"async\" width=\"192\" height=\"193\" src=\"https:\/\/seq.ca\/wp-content\/uploads\/2021\/03\/Prisme_Consortium_TRANSPARENT_w-2.jpg\" alt=\"\" class=\"wp-image-10534\" srcset=\"https:\/\/seq.ca\/wp-content\/uploads\/2021\/03\/Prisme_Consortium_TRANSPARENT_w-2.jpg 192w, https:\/\/seq.ca\/wp-content\/uploads\/2021\/03\/Prisme_Consortium_TRANSPARENT_w-2-150x150.jpg 150w, https:\/\/seq.ca\/wp-content\/uploads\/2021\/03\/Prisme_Consortium_TRANSPARENT_w-2-60x60.jpg 60w, https:\/\/seq.ca\/wp-content\/uploads\/2021\/03\/Prisme_Consortium_TRANSPARENT_w-2-100x100.jpg 100w\" sizes=\"auto, (max-width: 192px) 100vw, 192px\" \/><\/figure>\n<\/div>\n<\/div>\n\n\n\n<div class=\"wp-block-columns is-layout-flex wp-container-core-columns-is-layout-9d6595d7 wp-block-columns-is-layout-flex\">\n<div class=\"wp-block-column is-layout-flow wp-block-column-is-layout-flow\">\n<figure class=\"wp-block-image size-large is-resized\"><img loading=\"lazy\" decoding=\"async\" src=\"https:\/\/seq.ca\/wp-content\/uploads\/2021\/03\/SPPQ-avec-nom_w.jpg\" alt=\"\" class=\"wp-image-10576\" width=\"280\" height=\"265\" srcset=\"https:\/\/seq.ca\/wp-content\/uploads\/2021\/03\/SPPQ-avec-nom_w.jpg 317w, https:\/\/seq.ca\/wp-content\/uploads\/2021\/03\/SPPQ-avec-nom_w-300x284.jpg 300w, https:\/\/seq.ca\/wp-content\/uploads\/2021\/03\/SPPQ-avec-nom_w-63x60.jpg 63w\" sizes=\"auto, (max-width: 280px) 100vw, 280px\" \/><\/figure>\n<\/div>\n\n\n\n<div class=\"wp-block-column is-layout-flow wp-block-column-is-layout-flow\">\n<figure class=\"wp-block-image size-large\"><img loading=\"lazy\" decoding=\"async\" width=\"252\" height=\"141\" src=\"https:\/\/seq.ca\/wp-content\/uploads\/2021\/03\/ULaval-phyto_logo_w-2.jpg\" alt=\"\" class=\"wp-image-10536\" srcset=\"https:\/\/seq.ca\/wp-content\/uploads\/2021\/03\/ULaval-phyto_logo_w-2.jpg 252w, https:\/\/seq.ca\/wp-content\/uploads\/2021\/03\/ULaval-phyto_logo_w-2-107x60.jpg 107w\" sizes=\"auto, (max-width: 252px) 100vw, 252px\" \/><\/figure>\n<\/div>\n\n\n\n<div class=\"wp-block-column is-layout-flow wp-block-column-is-layout-flow\">\n<figure class=\"wp-block-image size-large\"><img loading=\"lazy\" decoding=\"async\" width=\"288\" height=\"252\" src=\"https:\/\/seq.ca\/wp-content\/uploads\/2021\/03\/UQAM-logo_2-cartes-web.jpg\" alt=\"\" class=\"wp-image-10591\" srcset=\"https:\/\/seq.ca\/wp-content\/uploads\/2021\/03\/UQAM-logo_2-cartes-web.jpg 288w, https:\/\/seq.ca\/wp-content\/uploads\/2021\/03\/UQAM-logo_2-cartes-web-69x60.jpg 69w\" sizes=\"auto, (max-width: 288px) 100vw, 288px\" \/><\/figure>\n<\/div>\n<\/div>\n\n\n\n<div class=\"wp-block-columns is-layout-flex wp-container-core-columns-is-layout-9d6595d7 wp-block-columns-is-layout-flex\">\n<div class=\"wp-block-column is-layout-flow wp-block-column-is-layout-flow\">\n<figure class=\"wp-block-image size-large\"><img loading=\"lazy\" decoding=\"async\" width=\"200\" height=\"200\" src=\"https:\/\/seq.ca\/wp-content\/uploads\/2021\/03\/Wilder-Harrier_logo-carte_w-3.jpg\" alt=\"\" class=\"wp-image-10539\" srcset=\"https:\/\/seq.ca\/wp-content\/uploads\/2021\/03\/Wilder-Harrier_logo-carte_w-3.jpg 200w, https:\/\/seq.ca\/wp-content\/uploads\/2021\/03\/Wilder-Harrier_logo-carte_w-3-150x150.jpg 150w, https:\/\/seq.ca\/wp-content\/uploads\/2021\/03\/Wilder-Harrier_logo-carte_w-3-60x60.jpg 60w, https:\/\/seq.ca\/wp-content\/uploads\/2021\/03\/Wilder-Harrier_logo-carte_w-3-100x100.jpg 100w\" sizes=\"auto, (max-width: 200px) 100vw, 200px\" \/><\/figure>\n<\/div>\n\n\n\n<div class=\"wp-block-column is-layout-flow wp-block-column-is-layout-flow\"><\/div>\n\n\n\n<div class=\"wp-block-column is-layout-flow wp-block-column-is-layout-flow\"><\/div>\n<\/div>","protected":false},"excerpt":{"rendered":"","protected":false},"author":1,"featured_media":0,"parent":34,"menu_order":3,"comment_status":"closed","ping_status":"closed","template":"","meta":{"pmpro_default_level":"","_uag_custom_page_level_css":"","footnotes":""},"class_list":["post-10501","page","type-page","status-publish","hentry","pmpro-has-access"],"uagb_featured_image_src":{"full":false,"thumbnail":false,"medium":false,"medium_large":false,"large":false,"1536x1536":false,"2048x2048":false,"trp-custom-language-flag":false,"featured-image-medium":false,"featured-img-medium":false},"uagb_author_info":{"display_name":"Soci\u00e9t\u00e9 d'entomologie du Qu\u00e9bec","author_link":"https:\/\/seq.ca\/en\/author\/webmestreseq\/"},"uagb_comment_info":0,"uagb_excerpt":null,"_links":{"self":[{"href":"https:\/\/seq.ca\/en\/wp-json\/wp\/v2\/pages\/10501","targetHints":{"allow":["GET"]}}],"collection":[{"href":"https:\/\/seq.ca\/en\/wp-json\/wp\/v2\/pages"}],"about":[{"href":"https:\/\/seq.ca\/en\/wp-json\/wp\/v2\/types\/page"}],"author":[{"embeddable":true,"href":"https:\/\/seq.ca\/en\/wp-json\/wp\/v2\/users\/1"}],"replies":[{"embeddable":true,"href":"https:\/\/seq.ca\/en\/wp-json\/wp\/v2\/comments?post=10501"}],"version-history":[{"count":0,"href":"https:\/\/seq.ca\/en\/wp-json\/wp\/v2\/pages\/10501\/revisions"}],"up":[{"embeddable":true,"href":"https:\/\/seq.ca\/en\/wp-json\/wp\/v2\/pages\/34"}],"wp:attachment":[{"href":"https:\/\/seq.ca\/en\/wp-json\/wp\/v2\/media?parent=10501"}],"curies":[{"name":"wp","href":"https:\/\/api.w.org\/{rel}","templated":true}]}}