{"id":10713,"date":"2021-06-03T21:53:45","date_gmt":"2021-06-04T01:53:45","guid":{"rendered":"https:\/\/seq.ca\/?page_id=10713"},"modified":"2024-08-28T20:33:01","modified_gmt":"2024-08-29T00:33:01","slug":"entomotechnologie-et-entomophagie","status":"publish","type":"page","link":"https:\/\/seq.ca\/en\/entomotechnologie-et-entomophagie\/","title":{"rendered":"Entomotechnology and entomophagy"},"content":{"rendered":"<p><strong>Contexte et engouement<\/strong><\/p>\n\n\n\n<p>Les humains r\u00e9coltent et produisent une myriade d\u2019insectes depuis toujours pour s\u2019alimenter. En Am\u00e9rique du Nord, ce sont 90 esp\u00e8ces d\u2019insectes (criquet des montagnes Rocheuses, sphinx du tabac, leptoc\u00e8re d\u2019Am\u00e9rique, cigale p\u00e9riodique, mouche alcaline\u2026) qui ont \u00e9t\u00e9 traditionnellement consomm\u00e9es par les peuples autochtones. Depuis la publication de l\u2019Organisation des Nations Unies mettant de l\u2019avant l\u2019urgence d\u2019int\u00e9grer les insectes comestibles dans notre alimentation pour assurer l\u2019approvisionnement d\u2019une population en forte croissance sans mettre en p\u00e9ril le fonctionnement de nos \u00e9cosyst\u00e8mes, l\u2019engouement pour l\u2019entomophagie et le d\u00e9veloppement des entomotechnologies (ou entotechnologies) a explos\u00e9 de par le monde. Et pour cause?!<\/p>\n\n\n\n<p><strong>Des aliments de grande qualit\u00e9<\/strong><\/p>\n\n\n\n<p>La production en masse d\u2019insectes comestibles a le potentiel de donner l\u2019acc\u00e8s \u00e0 des aliments de grande qualit\u00e9 tout en r\u00e9duisant l\u2019empreinte \u00e9cologique de la fili\u00e8re agroalimentaire (conversion alimentaire \u00e9lev\u00e9e, faible consommation en eau, petite superficie d\u2019\u00e9levage, faible \u00e9mission en gaz \u00e0 effet de serre, coproduction d\u2019amendement pour le sol, etc.). En effet, si les insectes sont des esp\u00e8ces cl\u00e9s de nos \u00e9cosyst\u00e8mes pour le recyclage des mati\u00e8res organiques (MO), ils peuvent aussi devenir des acteurs cl\u00e9s dans la gestion de nos mati\u00e8res r\u00e9siduelles gr\u00e2ce aux entomotechnologies. En consommant des MO, les insectes peuvent en r\u00e9duire le volume jusqu\u2019\u00e0 45&nbsp;%, une caract\u00e9ristique int\u00e9ressante pour la gestion des mati\u00e8res r\u00e9siduelles. Ils laissent derri\u00e8re un volume important de frass \u2014 un fumier contenant notamment leurs d\u00e9jections ainsi que leurs exuvies et des r\u00e9sidus alimentaires \u2014 dont le potentiel agronomique est des plus int\u00e9ressant&nbsp;: biodisponibilit\u00e9 accrue des nutriments, inhibition de la croissance de pathog\u00e8nes, stimulation du syst\u00e8me immunitaire des plantes, etc.<\/p>\n\n\n\n<p>La valeur nutritive des insectes est \u00e9galement tr\u00e8s int\u00e9ressante, bien que les teneurs exactes en nutriments varient en fonction des esp\u00e8ces, du stade de vie et des techniques d\u2019\u00e9levage utilis\u00e9es. Sur une base s\u00e8che, les larves d\u2019insectes ont des contenus en prot\u00e9ines, lipides, min\u00e9raux (Cu, Fe, Mg, Mn, P, Se, Zn) et vitamines (B<sub>2<\/sub>, B<sub>5<\/sub>, B<sub>8<\/sub>, B<sub>9 <\/sub>etB12) \u00e9lev\u00e9s?; ce qui en fait une source alimentaire de grande qualit\u00e9.<\/p>\n\n\n\n<figure class=\"wp-block-image size-full\"><img loading=\"lazy\" decoding=\"async\" width=\"1024\" height=\"484\" src=\"https:\/\/seq.ca\/wp-content\/uploads\/2024\/08\/entomotech2.jpg\" alt=\"\" class=\"wp-image-13706\" srcset=\"https:\/\/seq.ca\/wp-content\/uploads\/2024\/08\/entomotech2.jpg 1024w, https:\/\/seq.ca\/wp-content\/uploads\/2024\/08\/entomotech2-300x142.jpg 300w, https:\/\/seq.ca\/wp-content\/uploads\/2024\/08\/entomotech2-768x363.jpg 768w, https:\/\/seq.ca\/wp-content\/uploads\/2024\/08\/entomotech2-127x60.jpg 127w\" sizes=\"auto, (max-width: 1024px) 100vw, 1024px\" \/><figcaption>\u00a9Louise H\u00e9nault-\u00c9thier, TriCycle<\/figcaption><\/figure>\n\n\n\n<p><strong>Disponibilit\u00e9 et usages<\/strong><\/p>\n\n\n\n<p>Au Qu\u00e9bec, les insectes comestibles sont encore marginaux dans notre \u00e9cosyst\u00e8me alimentaire, mais l\u2019id\u00e9e fait son chemin. Ils sont de plus en plus offerts comme aliments sous forme d\u2019insectes entiers grill\u00e9s, de farine ou int\u00e9gr\u00e9s dans des aliments transform\u00e9s comme des barres prot\u00e9in\u00e9es. Ils ont fait leur entr\u00e9e dans l\u2019alimentation animale au Canada en 2016.<\/p>\n\n\n\n<p>Selon un sondage fait en 2020, trois esp\u00e8ces \u00e9taient produites au sein de 26 entreprises actives ou en d\u00e9marrage. Tous les \u00e9levages en activit\u00e9 sont encore jeunes (moins de 5 ans). La grande majorit\u00e9 produit moins de 250&nbsp;kg d\u2019insectes (en base fra\u00eeche) par mois et s\u2019adresse principalement \u00e0 un march\u00e9 local ou provincial. Bien que les grillons aient \u00e9t\u00e9 les premiers insectes comestibles \u00e0 se retrouver sur les \u00e9talages de nos \u00e9piceries, seuls 35&nbsp;% des producteurs qu\u00e9b\u00e9cois s\u2019adonnent \u00e0 leur \u00e9levage. La majorit\u00e9 des \u00e9leveurs (55&nbsp;%) produisent du t\u00e9n\u00e9brion. Toutefois, la production de mouches soldat noire est de loin la plus importante en tonnage sur notre territoire (plus de 5 tonnes par mois) m\u00eame si elle ne repr\u00e9sente qu\u2019\u00e0 peine 10% du nombre d\u2019entreprises. Les grillons et t\u00e9n\u00e9brions visent principalement le march\u00e9 de l\u2019alimentation humaine alors que les larves de mouche visent les march\u00e9s des animaux d\u2019\u00e9levage monogastriques (volaille, porcs et poissons) et des animaux domestiques (poissons, reptiles, chats et chiens).<\/p>\n\n\n\n<p><strong>Un des plus grands avantages<\/strong><\/p>\n\n\n\n<p>Un des plus grands avantages de produire des insectes comestibles est certainement celui de s\u2019attaquer au fl\u00e9au du gaspillage alimentaire. En effet, au lieu de d\u00e9composer les nutriments de grande qualit\u00e9 comme les prot\u00e9ines et les glucides pour les convertir en humus, nutriments et CO<sub>2<\/sub>, les insectes permettent de r\u00e9ins\u00e9rer des sous-produits agroalimentaires dans la cha\u00eene alimentaire. Au Qu\u00e9bec, c\u2019est plus de 70&nbsp;% des producteurs d\u2019insectes qui s\u2019adonnent \u00e0 l\u2019\u00e9conomie circulaire et pour 25&nbsp;% des \u00e9leveurs, la valorisation des r\u00e9sidus organiques s\u2019inscrit m\u00eame dans la mission premi\u00e8re de leur entreprise.<\/p>\n\n\n\n<p>Les deux esp\u00e8ces privil\u00e9gi\u00e9es pour le surcyclage (ajouter de la valeur \u00e0 des mati\u00e8res r\u00e9siduelles) sont le t\u00e9n\u00e9brion meunier et la mouche soldat noire. Le t\u00e9n\u00e9brion permet de g\u00e9rer des intrants organiques secs (ex. r\u00e9sidus de meuneries) alors que la mouche soldat noire permet de g\u00e9rer des intrants \u00e0 tr\u00e8s forte teneur en eau (ex. fruits et l\u00e9gumes non press\u00e9s, r\u00e9sidus de restaurants, lisiers et fumiers, etc.). L\u2019optimisation de l\u2019utilisation des ressources pour la production d\u2019aliments alternatifs nouveaux et \u00e9coresponsables s\u2019inscrit dans les principes d\u2019une \u00e9conomie circulaire. Cette pratique vise ainsi \u00e0 repenser&nbsp;nos modes de production et de consommation pour utiliser moins de ressources, prot\u00e9ger les \u00e9cosyst\u00e8mes qui les g\u00e9n\u00e8rent et exploiter pleinement les ressources d\u00e9j\u00e0 en circulation dans nos soci\u00e9t\u00e9s.<\/p>\n\n\n\n<figure class=\"wp-block-image size-full\"><img loading=\"lazy\" decoding=\"async\" width=\"1024\" height=\"683\" src=\"https:\/\/seq.ca\/wp-content\/uploads\/2024\/08\/entomotech3.jpg\" alt=\"\" class=\"wp-image-13708\" srcset=\"https:\/\/seq.ca\/wp-content\/uploads\/2024\/08\/entomotech3.jpg 1024w, https:\/\/seq.ca\/wp-content\/uploads\/2024\/08\/entomotech3-300x200.jpg 300w, https:\/\/seq.ca\/wp-content\/uploads\/2024\/08\/entomotech3-768x512.jpg 768w, https:\/\/seq.ca\/wp-content\/uploads\/2024\/08\/entomotech3-750x500.jpg 750w, https:\/\/seq.ca\/wp-content\/uploads\/2024\/08\/entomotech3-90x60.jpg 90w\" sizes=\"auto, (max-width: 1024px) 100vw, 1024px\" \/><figcaption>\u00a9Christopher Warburton, Entosystem<\/figcaption><\/figure>\n\n\n\n<p><strong>\u00c7a bouge au Qu\u00e9bec<\/strong><\/p>\n\n\n\n<p>De nombreux acteurs (industrie-gouvernement-recherche) se concertent et s\u2019organisent pour que les insectes prennent la place qui leur revient. Citons ici&nbsp;les mises en place de&nbsp;:<\/p>\n\n\n\n<ul class=\"wp-block-list\"><li><a href=\"https:\/\/aetiq.com\/\"><span style=\"text-decoration: underline;\">L\u2019Association des \u00e9leveurs et transformateurs d\u2019insectes du Qu\u00e9bec (A\u00c9TIQ)<\/span><\/a>.<\/li><\/ul>\n\n\n\n<ul class=\"wp-block-list\"><li><span style=\"text-decoration: underline;\"><a href=\"https:\/\/entotechno.ca\/\">La Vitrine entotechologique<\/a>&nbsp;<\/span>: p\u00f4le d\u2019innovation et de transfert technologique sur les \u00e9levages d\u2019insectes.<\/li><\/ul>\n\n\n\n<ul class=\"wp-block-list\"><li><a href=\"https:\/\/cleic.fsaa.ulaval.ca\/\"><span style=\"text-decoration: underline;\">La Chaire de leadership et d\u2019enseignement en production et transformation d\u2019insectes comestibles au d\u00e9partement des sciences animales de l\u2019Universit\u00e9 Laval<\/span><\/a><\/li><\/ul>\n\n\n\n<p><\/p>\n\n\n\n<ul class=\"wp-block-list\"><li>The <a href=\"https:\/\/www.cdbq.net\/\"><span style=\"text-decoration: underline;\">Centre de D\u00e9veloppement Bioalimentaire du Qu\u00e9bec<\/span><\/a> (CDBQ) met actuellement en place sa Plateforme d\u2019Innovation en Transformation des Insectes (PITI) pour faciliter l\u2019innovation en mati\u00e8re de transformation des insectes et permettre le d\u00e9veloppement de nouveaux proc\u00e9d\u00e9s. Cette plateforme pilote regroupera la plupart des \u00e9quipements \u00e0 l\u2019\u00e9chelle laboratoire et pilote fr\u00e9quemment utilis\u00e9s dans l\u2019industrie ainsi que des \u00e9quipements plus innovants. La PITI sera fonctionnelle d\u2019ici fin 2021. (<a href=\"https:\/\/ici.radio-canada.ca\/ohdio\/premiere\/emissions\/info-reveil\/segments\/entrevue\/363135\/centre-developpement-bioalimentaire-quebec-insectes-la-pocatiere-transformation-innovation-cdbq\"><\/a><a href=\"https:\/\/ici.radio-canada.ca\/ohdio\/premiere\/emissions\/info-reveil\/segments\/entrevue\/363135\/centre-developpement-bioalimentaire-quebec-insectes-la-pocatiere-transformation-innovation-cdbq\"><span style=\"text-decoration: underline;\">Cliquez ici pour \u00e9couter une entrevue sur ce sujet<\/span><\/a> et <a href=\"https:\/\/leplacoteux.com\/une-plateforme-dinnovation-en-transformation-des-insectes-au-cdbq\/\"><span style=\"text-decoration: underline;\">cliquez ici pour lire un article sur le CDBQ<\/span><\/a>)<\/li><\/ul>\n\n\n\n<ul class=\"wp-block-list\"><li>Entotech Qu\u00e9bec, un OSBL qui sera situ\u00e9 dans l\u2019Innoparc de la ville de L\u00e9vis, est un projet structurant visant \u00e0 d\u00e9velopper la connaissance technique, scientifique et d\u2019affaires pour la production, la transformation et la commercialisation d\u2019ingr\u00e9dients d\u2019insectes comestibles au Qu\u00e9bec. Entotech Qu\u00e9bec sera aussi un r\u00e9seau r\u00e9gional int\u00e9gr\u00e9 de valorisation de r\u00e9sidus, d\u2019\u00e9levage, de transformation et de commercialisation d\u2019insectes destin\u00e9s \u00e0 l\u2019alimentation humaine et animale. La construction de l\u2019\u00e9tablissement est pr\u00e9vue en 2022 et la mise en activit\u00e9 en 2023.<\/li><\/ul>\n\n\n\n<p><\/p>\n\n\n\n<ul class=\"wp-block-list\"><li><a href=\"https:\/\/www.cstjean.qc.ca\/\"><span style=\"text-decoration: underline;\">Le C\u00e9gep de Saint-Jean-sur-Richelieu<\/span><\/a> m\u00e8ne actuellement quatre projets de recherche dans le domaine de l\u2019entomoculture et des entomotechnologies, avec quatre entreprises diff\u00e9rentes. Il a mis sur pied un centre de recherche&nbsp;: Centre de transfert technologique Entomolab (OSBL). Il vient de d\u00e9poser une demande d\u2019aide financi\u00e8re aupr\u00e8s du minist\u00e8re de l\u2019Enseignement sup\u00e9rieur pour l\u2019\u00e9laboration d\u2019un programme de formation cr\u00e9dit\u00e9e en gestion d\u2019entreprise de production d\u2019insectes comestibles en consortium avec les C\u00e9geps de Victoriaville, Alma et L\u00e9vis (attestation d\u2019\u00e9tudes coll\u00e9giales) <a href=\"https:\/\/www.cstjean.qc.ca\/nouvelle\/production-dinsectes-comestibles-le-cegep-saint-jean-obtenu-deux-subventions-du-conseil-de\"><span style=\"text-decoration: underline;\">https:\/\/www.cstjean.qc.ca\/nouvelle\/production-dinsectes-comestibles-le-cegep-saint-jean-obtenu-deux-subventions-du-conseil-de<\/span><\/a><\/li><\/ul>\n\n\n\n<ul class=\"wp-block-list\"><li>La reconnaissance du secteur des insectes comestibles par le minist\u00e8re de l\u2019Agriculture, des P\u00eacheries et de l\u2019Alimentation du Qu\u00e9bec (MAPAQ) et des entomotechnologies par Recyc-Qu\u00e9bec.<\/li><\/ul>\n\n\n\n<ul class=\"wp-block-list\"><li>&nbsp;<a href=\"https:\/\/www.facebook.com\/TFInsectesComestibles\" target=\"_blank\" rel=\"noreferrer noopener\"><span style=\"text-decoration: underline;\">La Table Fili\u00e8re des Insectes Comestibles<\/span><\/a> : Cette table de concertation regroupe 32&nbsp;acteurs de tous les secteurs tels que la gestion des d\u00e9chets, la production d&rsquo;insectes, la transformation des insectes, la distribution, la recherche, le transfert technologique, l&rsquo;\u00e9ducation, la vulgarisation et le gouvernement.&nbsp;La table fili\u00e8re a identifi\u00e9 plusieurs objectifs \u00e0 court terme pour favoriser le d\u00e9veloppement structur\u00e9 de l\u2019industrie dont l\u2019\u00e9laboration d\u2019une planification strat\u00e9gique, la mise en place de canaux de communication efficace avec l\u2019ensemble de la fili\u00e8re et le sondage de l\u2019industrie afin d\u2019\u00e9tablir le portrait actuel de l\u2019industrie des insectes comestibles au Qu\u00e9bec. Pour vous inscrire \u00e0 l\u2019infolettre de la TFIC ou pour vous inscrire au bottin de la fili\u00e8re des insectes comestibles, veuillez utiliser le formulaire sur le lien suivant: <a href=\"https:\/\/forms.gle\/97wTAuDUexwS1mfb8\" target=\"_blank\" rel=\"noreferrer noopener\"><span style=\"text-decoration: underline;\">https:\/\/forms.gle\/97wTAuDUexwS1mfb8<\/span><\/a>.<\/li><\/ul>\n\n\n\n<p><strong>La SEQ, solidaire et impliqu\u00e9e<\/strong><\/p>\n\n\n\n<p>De diverses mani\u00e8res, la Soci\u00e9t\u00e9 d\u2019entomologie du Qu\u00e9bec (SEQ) participe \u00e0 mettre en \u00e9vidence l\u2019int\u00e9r\u00eat et le dynamisme d\u00e9j\u00e0 tr\u00e8s pr\u00e9sent au sein de la collectivit\u00e9 qu\u00e9b\u00e9coise en mati\u00e8re de production et de transformation d\u2019insectes comestibles&nbsp;:<\/p>\n\n\n\n<ul class=\"wp-block-list\"><li>Le congr\u00e8s de la SEQ en novembre 2019&nbsp;: \u00ab?Les entotechnologies \u00e9mergentes&nbsp;: les insectes au service de l\u2019humain?\u00bb.<\/li><\/ul>\n\n\n\n<ul class=\"wp-block-list\"><li>La session d\u2019information en entotechnologie et entomophagie au congr\u00e8s virtuel de la SEQ, novembre 2020.<\/li><\/ul>\n\n\n\n<ul class=\"wp-block-list\"><li>Participation aux rencontres annuelles pour la mise sur pied de la table fili\u00e8re dont elle est membre.<\/li><\/ul>\n\n\n\n<ul class=\"wp-block-list\"><li>Partenaire de la conf\u00e9rence <em>Insects to feed the world 2020<\/em>&nbsp;: <a href=\"http:\/\/ifw2020.org\"><span style=\"text-decoration: underline;\">http:\/\/ifw2020.org<\/span><\/a><\/li><\/ul>\n\n\n\n<ul class=\"wp-block-list\"><li>Nouvelles sections sur son site web et dans la publication <em>Antennae <\/em>consacr\u00e9es aux entomotechnologies et \u00e0 l\u2019entomophagie.<\/li><\/ul>\n\n\n\n<p>Par sa mission, la SEQ est fi\u00e8re de collaborer \u00e0 l\u2019essor de cette nouvelle industrie au Qu\u00e9bec et de pouvoir mettre \u00e0 contribution son site Web et sa publication <em>Antennae<\/em> comme \u00e9l\u00e9ments de r\u00e9seautage et d\u2019information pour la collectivit\u00e9. Reconnaissons aussi que l\u2019expertise diversifi\u00e9e de ses membres a beaucoup \u00e0 apporter en appui aux activit\u00e9s de la table fili\u00e8re et \u00e0 la Chaire de leadership en enseignement de la production et de la transformation primaire d\u2019insectes comestibles&nbsp;dont le transfert de connaissances sur la biologie des insectes et la production de masse et la mise en place d\u2019activit\u00e9s de recherche et de d\u00e9veloppement. Tout en soulignant que ce secteur de la production et transformation d\u2019insectes comestibles offre des opportunit\u00e9s d\u2019emplois dans divers domaines&nbsp;pour ses membres&nbsp;: formation, enseignement, recherche et d\u00e9veloppement, entreprise et commercialisation, etc.<\/p>\n\n\n\n<p><strong><a href=\"https:\/\/seq.ca\/en\/pour-en-savoir-plus-sur-lentomophagie\/\"><span style=\"text-decoration: underline;\">Pour en savoir plus sur les entomotechnologies et l&rsquo;entomophagie<\/span><\/a><\/strong><\/p>\n\n\n\n<p><strong><a href=\"https:\/\/seq.ca\/en\/quelques-definitions-concernant-lentomophagie\/\"><span style=\"text-decoration: underline;\">Quelques d\u00e9finitions concernant les entomotechnologies et l&rsquo;entomophagie<\/span><\/a><\/strong><\/p>\n\n\n\n<p><\/p>\n\n\n\n<p>*La Soci\u00e9t\u00e9 d&rsquo;entomologie du Qu\u00e9bec d\u00e9sire remercier Raymond-Marie Duchesne et Marie-H\u00e9l\u00e8ne Deschamps pour leur collaboration dans l&rsquo;\u00e9laboration du contenu de cette page.<\/p>","protected":false},"excerpt":{"rendered":"<p>Contexte et engouement Les humains r\u00e9coltent et produisent une myriade d\u2019insectes depuis toujours pour s\u2019alimenter. En Am\u00e9rique du Nord, ce sont 90 esp\u00e8ces d\u2019insectes (criquet des montagnes Rocheuses, sphinx du tabac, leptoc\u00e8re d\u2019Am\u00e9rique, cigale p\u00e9riodique, mouche alcaline\u2026) qui ont \u00e9t\u00e9 traditionnellement consomm\u00e9es par les peuples autochtones. Depuis la publication de l\u2019Organisation des Nations Unies mettant [&hellip;]<\/p>","protected":false},"author":1,"featured_media":13703,"parent":0,"menu_order":0,"comment_status":"closed","ping_status":"closed","template":"","meta":{"pmpro_default_level":"","_uag_custom_page_level_css":"","footnotes":""},"class_list":["post-10713","page","type-page","status-publish","has-post-thumbnail","hentry","pmpro-has-access"],"uagb_featured_image_src":{"full":["https:\/\/seq.ca\/wp-content\/uploads\/2024\/08\/entomotech1.jpg",1024,461,false],"thumbnail":["https:\/\/seq.ca\/wp-content\/uploads\/2024\/08\/entomotech1-150x150.jpg",150,150,true],"medium":["https:\/\/seq.ca\/wp-content\/uploads\/2024\/08\/entomotech1-300x135.jpg",300,135,true],"medium_large":["https:\/\/seq.ca\/wp-content\/uploads\/2024\/08\/entomotech1-768x346.jpg",768,346,true],"large":["https:\/\/seq.ca\/wp-content\/uploads\/2024\/08\/entomotech1.jpg",768,346,false],"1536x1536":["https:\/\/seq.ca\/wp-content\/uploads\/2024\/08\/entomotech1.jpg",1024,461,false],"2048x2048":["https:\/\/seq.ca\/wp-content\/uploads\/2024\/08\/entomotech1.jpg",1024,461,false],"trp-custom-language-flag":["https:\/\/seq.ca\/wp-content\/uploads\/2024\/08\/entomotech1.jpg",18,8,false],"featured-image-medium":["https:\/\/seq.ca\/wp-content\/uploads\/2024\/08\/entomotech1.jpg",768,346,false],"featured-img-medium":["https:\/\/seq.ca\/wp-content\/uploads\/2024\/08\/entomotech1.jpg",830,375,false]},"uagb_author_info":{"display_name":"Soci\u00e9t\u00e9 d'entomologie du Qu\u00e9bec","author_link":"https:\/\/seq.ca\/en\/author\/webmestreseq\/"},"uagb_comment_info":0,"uagb_excerpt":"Contexte et engouement Les humains r\u00e9coltent et produisent une myriade d\u2019insectes depuis toujours pour s\u2019alimenter. En Am\u00e9rique du Nord, ce sont 90 esp\u00e8ces d\u2019insectes (criquet des montagnes Rocheuses, sphinx du tabac, leptoc\u00e8re d\u2019Am\u00e9rique, cigale p\u00e9riodique, mouche alcaline\u2026) qui ont \u00e9t\u00e9 traditionnellement consomm\u00e9es par les peuples autochtones. Depuis la publication de l\u2019Organisation des Nations Unies mettant&hellip;","_links":{"self":[{"href":"https:\/\/seq.ca\/en\/wp-json\/wp\/v2\/pages\/10713","targetHints":{"allow":["GET"]}}],"collection":[{"href":"https:\/\/seq.ca\/en\/wp-json\/wp\/v2\/pages"}],"about":[{"href":"https:\/\/seq.ca\/en\/wp-json\/wp\/v2\/types\/page"}],"author":[{"embeddable":true,"href":"https:\/\/seq.ca\/en\/wp-json\/wp\/v2\/users\/1"}],"replies":[{"embeddable":true,"href":"https:\/\/seq.ca\/en\/wp-json\/wp\/v2\/comments?post=10713"}],"version-history":[{"count":0,"href":"https:\/\/seq.ca\/en\/wp-json\/wp\/v2\/pages\/10713\/revisions"}],"wp:featuredmedia":[{"embeddable":true,"href":"https:\/\/seq.ca\/en\/wp-json\/wp\/v2\/media\/13703"}],"wp:attachment":[{"href":"https:\/\/seq.ca\/en\/wp-json\/wp\/v2\/media?parent=10713"}],"curies":[{"name":"wp","href":"https:\/\/api.w.org\/{rel}","templated":true}]}}