{"id":10764,"date":"2021-07-13T13:34:18","date_gmt":"2021-07-13T17:34:18","guid":{"rendered":"https:\/\/seq.ca\/?page_id=10764"},"modified":"2022-09-08T08:53:12","modified_gmt":"2022-09-08T12:53:12","slug":"programme-2021","status":"publish","type":"page","link":"https:\/\/seq.ca\/en\/reunion-annuelles\/reunion-annuelle-2021\/programme-2021\/","title":{"rendered":"Programme 2021"},"content":{"rendered":"<h2 class=\"wp-block-heading\"><strong><span style=\"text-decoration: underline;\"><u><a href=\"https:\/\/seq.ca\/wp-content\/uploads\/2021\/11\/Programme-final-148ieme-Reunion-annuelle-de-la-SEQ-18-xi-2020.pdf\">Cliquez ici pour consulter le programme<\/a><\/u><\/span><\/strong><\/h2>\n\n\n\n<p>N.B. Si vous observez des coquilles dans le programme, veuillez contacter les organisateurs \u00e0 cette adresse :  <a href=\"mailto:resumeseq2021@gmail.com\"><span style=\"text-decoration: underline;\">resumeseq2021@gmail.com<\/span><\/a><\/p>","protected":false},"excerpt":{"rendered":"<p>Cliquez ici pour consulter le programme N.B. Si vous observez des coquilles dans le programme, veuillez contacter les organisateurs \u00e0 cette adresse : resumeseq2021@gmail.com<\/p>","protected":false},"author":1,"featured_media":10780,"parent":10682,"menu_order":0,"comment_status":"closed","ping_status":"closed","template":"","meta":{"pmpro_default_level":"","_uag_custom_page_level_css":"","footnotes":""},"class_list":["post-10764","page","type-page","status-publish","has-post-thumbnail","hentry","pmpro-has-access"],"uagb_featured_image_src":{"full":["https:\/\/seq.ca\/wp-content\/uploads\/2021\/07\/Logo_SEQ202_pour-en-tete_2.jpg",1145,484,false],"thumbnail":["https:\/\/seq.ca\/wp-content\/uploads\/2021\/07\/Logo_SEQ202_pour-en-tete_2-150x150.jpg",150,150,true],"medium":["https:\/\/seq.ca\/wp-content\/uploads\/2021\/07\/Logo_SEQ202_pour-en-tete_2-300x127.jpg",300,127,true],"medium_large":["https:\/\/seq.ca\/wp-content\/uploads\/2021\/07\/Logo_SEQ202_pour-en-tete_2-768x325.jpg",768,325,true],"large":["https:\/\/seq.ca\/wp-content\/uploads\/2021\/07\/Logo_SEQ202_pour-en-tete_2-1024x433.jpg",768,325,true],"1536x1536":["https:\/\/seq.ca\/wp-content\/uploads\/2021\/07\/Logo_SEQ202_pour-en-tete_2.jpg",1145,484,false],"2048x2048":["https:\/\/seq.ca\/wp-content\/uploads\/2021\/07\/Logo_SEQ202_pour-en-tete_2.jpg",1145,484,false],"trp-custom-language-flag":["https:\/\/seq.ca\/wp-content\/uploads\/2021\/07\/Logo_SEQ202_pour-en-tete_2.jpg",18,8,false],"featured-image-medium":["https:\/\/seq.ca\/wp-content\/uploads\/2021\/07\/Logo_SEQ202_pour-en-tete_2.jpg",768,325,false],"featured-img-medium":["https:\/\/seq.ca\/wp-content\/uploads\/2021\/07\/Logo_SEQ202_pour-en-tete_2.jpg",830,351,false]},"uagb_author_info":{"display_name":"Soci\u00e9t\u00e9 d'entomologie du Qu\u00e9bec","author_link":"https:\/\/seq.ca\/en\/author\/webmestreseq\/"},"uagb_comment_info":0,"uagb_excerpt":"Cliquez ici pour consulter le programme N.B. Si vous observez des coquilles dans le programme, veuillez contacter les organisateurs \u00e0 cette adresse : resumeseq2021@gmail.com","_links":{"self":[{"href":"https:\/\/seq.ca\/en\/wp-json\/wp\/v2\/pages\/10764","targetHints":{"allow":["GET"]}}],"collection":[{"href":"https:\/\/seq.ca\/en\/wp-json\/wp\/v2\/pages"}],"about":[{"href":"https:\/\/seq.ca\/en\/wp-json\/wp\/v2\/types\/page"}],"author":[{"embeddable":true,"href":"https:\/\/seq.ca\/en\/wp-json\/wp\/v2\/users\/1"}],"replies":[{"embeddable":true,"href":"https:\/\/seq.ca\/en\/wp-json\/wp\/v2\/comments?post=10764"}],"version-history":[{"count":0,"href":"https:\/\/seq.ca\/en\/wp-json\/wp\/v2\/pages\/10764\/revisions"}],"up":[{"embeddable":true,"href":"https:\/\/seq.ca\/en\/wp-json\/wp\/v2\/pages\/10682"}],"wp:featuredmedia":[{"embeddable":true,"href":"https:\/\/seq.ca\/en\/wp-json\/wp\/v2\/media\/10780"}],"wp:attachment":[{"href":"https:\/\/seq.ca\/en\/wp-json\/wp\/v2\/media?parent=10764"}],"curies":[{"name":"wp","href":"https:\/\/api.w.org\/{rel}","templated":true}]}}