{"id":10902,"date":"2021-09-02T15:46:12","date_gmt":"2021-09-02T19:46:12","guid":{"rendered":"https:\/\/seq.ca\/?page_id=10902"},"modified":"2022-09-01T17:39:29","modified_gmt":"2022-09-01T21:39:29","slug":"symposium-2021","status":"publish","type":"page","link":"https:\/\/seq.ca\/en\/reunion-annuelles\/reunion-annuelle-2021\/symposium-2021\/","title":{"rendered":"Symposium 2021"},"content":{"rendered":"<p>Cette ann\u00e9e, la r\u00e9union annuelle de la SEQ se tiendra sous le th\u00e8me peu commun \u2018\u2019\u00c0 la vie, \u00e0 la mort : entomologie m\u00e9dicale et l\u00e9gale\u2019\u2019. Nous vous invitons donc \u00e0 d\u00e9couvrir, lors de notre symposium virtuel du vendredi matin 26 novembre, le monde fascinant et m\u00e9connu de l\u2019entomologie m\u00e9dicale et l\u00e9gale. Nous serons loin des s\u00e9ries am\u00e9ricaines et des romans policiers. C\u0153urs sensibles, ne pas vous abstenir, on vous attend aussi !<\/p>\n\n\n\n<p>Le programme d\u00e9taill\u00e9 sera mis en ligne sous peu mais voici la liste des chercheurs et chercheuses qui viendront partager leurs exp\u00e9riences et connaissances lors de cet \u00e9v\u00e8nement&nbsp;:<\/p>\n\n\n\n<p><strong>Shari Forbes&nbsp;:<\/strong> Professeure et Chaire de recherche Canada 150 en thanatologie forensique, D\u00e9partement de Chimie, Biochimie et Physique, Universit\u00e9 du Qu\u00e9bec \u00e0 Trois-Rivi\u00e8res.<br><br><strong>H\u00e9l\u00e8ne LeBlanc&nbsp;:<\/strong> Professeure <a>\u2013<\/a> Facult\u00e9 des sciences, Universit\u00e9 Ontario Tech, Oshawa.<br><br><strong>Julie-\u00c9l\u00e9onore Maisonhaute&nbsp;:<\/strong> Chercheuse associ\u00e9e <a>\u2013 <\/a>Laboratoire de Recherche en Criminalistique, Universit\u00e9 du Qu\u00e9bec \u00e0 Trois-Rivi\u00e8res.<\/p>\n\n\n\n<p><strong>Nicholas Ogden&nbsp;:<\/strong> Chercheur principal et directeur de la division des sciences des risques pour la sant\u00e9 publique \u2013 Agence de la Sant\u00e9 Publique du Canada, Laboratoire national de microbiologie \u00e0 Saint-Hyacinthe.<br><br><strong>Kateryn Rochon&nbsp;:<\/strong> Professeure \u2013 D\u00e9partement d\u2019entomologie, Universit\u00e9 du Manitoba, Winnipeg.<\/p>","protected":false},"excerpt":{"rendered":"<p>Cette ann\u00e9e, la r\u00e9union annuelle de la SEQ se tiendra sous le th\u00e8me peu commun \u2018\u2019\u00c0 la vie, \u00e0 la mort : entomologie m\u00e9dicale et l\u00e9gale\u2019\u2019. Nous vous invitons donc \u00e0 d\u00e9couvrir, lors de notre symposium virtuel du vendredi matin 26 novembre, le monde fascinant et m\u00e9connu de l\u2019entomologie m\u00e9dicale et l\u00e9gale. Nous serons loin [&hellip;]<\/p>","protected":false},"author":1,"featured_media":10780,"parent":10682,"menu_order":0,"comment_status":"closed","ping_status":"closed","template":"","meta":{"pmpro_default_level":"","_uag_custom_page_level_css":"","footnotes":""},"class_list":["post-10902","page","type-page","status-publish","has-post-thumbnail","hentry","pmpro-has-access"],"uagb_featured_image_src":{"full":["https:\/\/seq.ca\/wp-content\/uploads\/2021\/07\/Logo_SEQ202_pour-en-tete_2.jpg",1145,484,false],"thumbnail":["https:\/\/seq.ca\/wp-content\/uploads\/2021\/07\/Logo_SEQ202_pour-en-tete_2-150x150.jpg",150,150,true],"medium":["https:\/\/seq.ca\/wp-content\/uploads\/2021\/07\/Logo_SEQ202_pour-en-tete_2-300x127.jpg",300,127,true],"medium_large":["https:\/\/seq.ca\/wp-content\/uploads\/2021\/07\/Logo_SEQ202_pour-en-tete_2-768x325.jpg",768,325,true],"large":["https:\/\/seq.ca\/wp-content\/uploads\/2021\/07\/Logo_SEQ202_pour-en-tete_2-1024x433.jpg",768,325,true],"1536x1536":["https:\/\/seq.ca\/wp-content\/uploads\/2021\/07\/Logo_SEQ202_pour-en-tete_2.jpg",1145,484,false],"2048x2048":["https:\/\/seq.ca\/wp-content\/uploads\/2021\/07\/Logo_SEQ202_pour-en-tete_2.jpg",1145,484,false],"trp-custom-language-flag":["https:\/\/seq.ca\/wp-content\/uploads\/2021\/07\/Logo_SEQ202_pour-en-tete_2.jpg",18,8,false],"featured-image-medium":["https:\/\/seq.ca\/wp-content\/uploads\/2021\/07\/Logo_SEQ202_pour-en-tete_2.jpg",768,325,false],"featured-img-medium":["https:\/\/seq.ca\/wp-content\/uploads\/2021\/07\/Logo_SEQ202_pour-en-tete_2.jpg",830,351,false]},"uagb_author_info":{"display_name":"Soci\u00e9t\u00e9 d'entomologie du Qu\u00e9bec","author_link":"https:\/\/seq.ca\/en\/author\/webmestreseq\/"},"uagb_comment_info":0,"uagb_excerpt":"Cette ann\u00e9e, la r\u00e9union annuelle de la SEQ se tiendra sous le th\u00e8me peu commun \u2018\u2019\u00c0 la vie, \u00e0 la mort : entomologie m\u00e9dicale et l\u00e9gale\u2019\u2019. Nous vous invitons donc \u00e0 d\u00e9couvrir, lors de notre symposium virtuel du vendredi matin 26 novembre, le monde fascinant et m\u00e9connu de l\u2019entomologie m\u00e9dicale et l\u00e9gale. Nous serons loin&hellip;","_links":{"self":[{"href":"https:\/\/seq.ca\/en\/wp-json\/wp\/v2\/pages\/10902","targetHints":{"allow":["GET"]}}],"collection":[{"href":"https:\/\/seq.ca\/en\/wp-json\/wp\/v2\/pages"}],"about":[{"href":"https:\/\/seq.ca\/en\/wp-json\/wp\/v2\/types\/page"}],"author":[{"embeddable":true,"href":"https:\/\/seq.ca\/en\/wp-json\/wp\/v2\/users\/1"}],"replies":[{"embeddable":true,"href":"https:\/\/seq.ca\/en\/wp-json\/wp\/v2\/comments?post=10902"}],"version-history":[{"count":0,"href":"https:\/\/seq.ca\/en\/wp-json\/wp\/v2\/pages\/10902\/revisions"}],"up":[{"embeddable":true,"href":"https:\/\/seq.ca\/en\/wp-json\/wp\/v2\/pages\/10682"}],"wp:featuredmedia":[{"embeddable":true,"href":"https:\/\/seq.ca\/en\/wp-json\/wp\/v2\/media\/10780"}],"wp:attachment":[{"href":"https:\/\/seq.ca\/en\/wp-json\/wp\/v2\/media?parent=10902"}],"curies":[{"name":"wp","href":"https:\/\/api.w.org\/{rel}","templated":true}]}}