{"id":11316,"date":"2022-01-29T12:53:31","date_gmt":"2022-01-29T17:53:31","guid":{"rendered":"https:\/\/seq.ca\/?page_id=11316"},"modified":"2025-12-21T11:59:41","modified_gmt":"2025-12-21T16:59:41","slug":"bourse-vinlab","status":"publish","type":"page","link":"https:\/\/seq.ca\/en\/bourse-vinlab\/","title":{"rendered":"Bourse de d\u00e9placement VinLab de la SEQ"},"content":{"rendered":"<h3 class=\"wp-block-heading\" id=\"objectif\"><strong>Goal<\/strong><\/h3>\n\n\n\n<p>La bourse VinLab a pour objectif de permettre \u00e0 un membre \u00e9tudiant de la Soci\u00e9t\u00e9 d\u2019entomologie du Qu\u00e9bec (SEQ) de participer \u00e0 la r\u00e9union annuelle de la Soci\u00e9t\u00e9 d\u2019entomologie du Canada (SEC).<\/p>\n\n\n\n<h3 class=\"wp-block-heading\" id=\"description\"><strong>Description<\/strong><\/h3>\n\n\n\n<p>Il s\u2019agit d\u2019une bourse de d\u00e9placement pour la participation, en personne, \u00e0 la r\u00e9union annuelle de la SEC, peu importe le lieu de la r\u00e9union. Une bourse d\u2019une valeur de 2000$ sera attribu\u00e9e chaque ann\u00e9e \u00e0 un membre \u00e9tudiant de la SEQ qui pr\u00e9sentera des r\u00e9sultats de recherche \u00e0 la SEC.<\/p>\n\n\n\n<h3 class=\"wp-block-heading\" id=\"admissibilite\"><strong>Eligibility<\/strong><\/h3>\n\n\n\n<ol class=\"wp-block-list\">\n<li>\u00catre membre en r\u00e8gle de la SEQ depuis au moins 6 mois avant la mise en candidature;<\/li>\n\n\n\n<li>Le membre doit \u00eatre inscrit \u00e0 temps complet \u00e0 un programme d\u2019\u00e9tudes sup\u00e9rieures (Ma\u00eetrise ou Doctorat) d\u2019une universit\u00e9 canadienne;<\/li>\n\n\n\n<li>Le membre doit r\u00e9aliser une pr\u00e9sentation (orale ou affiche) lors de la r\u00e9union de la SEC;<\/li>\n\n\n\n<li>Ne pas avoir d\u00e9j\u00e0 obtenu la bourse de d\u00e9placement VinLab au cours d\u2019un m\u00eame programme d\u2019\u00e9tudes sup\u00e9rieures.<\/li>\n<\/ol>\n\n\n\n<h3 class=\"wp-block-heading\" id=\"date-limite\"><strong>Date limite<\/strong><\/h3>\n\n\n\n<p>Soumettre son dossier en format \u00e9lectronique (en format PDF) avant le <strong><strong>15 ao\u00fbt 2025<\/strong><\/strong> au conseil d\u2019administration de la SEQ.<\/p>\n\n\n\n<h3 class=\"wp-block-heading\" id=\"mise-en-candidature\"><strong>Mise en candidature<\/strong><\/h3>\n\n\n\n<p>L\u2019application doit contenir tous les documents suivants, id\u00e9alement attach\u00e9s dans un seul fichier, en format PDF.<\/p>\n\n\n\n<ol class=\"wp-block-list\">\n<li>un curriculum vitae \u00e0 jour (formation acad\u00e9mique, implications en recherche et exp\u00e9riences de travail, liste des publications et communications, bourses et prix);<\/li>\n\n\n\n<li>un relev\u00e9 de notes universitaire num\u00e9ris\u00e9 \u00e0 partir des originaux (baccalaur\u00e9at et \u00e9tudes sup\u00e9rieures), dont au moins une note pour le programme d\u2019\u00e9tude en cours;<\/li>\n\n\n\n<li>un r\u00e9sum\u00e9 de la pr\u00e9sentation ou de l\u2019affiche qui sera pr\u00e9sent\u00e9e lors du congr\u00e8s de la SEC (incluant les sections suivantes&nbsp;: probl\u00e9matique, objectifs de recherche, m\u00e9thodologie, r\u00e9sultats obtenus ou attendus, conclusion et implication de la recherche)<\/li>\n<\/ol>\n\n\n\n<p>*\u00c0 noter qu\u2019il est possible de pr\u00e9senter uniquement les r\u00e9sultats attendus dans l\u2019\u00e9ventualit\u00e9 o\u00f9 l\u2019acquisition de donn\u00e9es n\u2019est pas compl\u00e9t\u00e9e lors de la soumission du r\u00e9sum\u00e9.<\/p>\n\n\n\n<p>Vous devez envoyer votre candidature \u00e0 l\u2019adresse suivante : <a href=\"mailto:secretaireseq@gmail.com\">secretaireseq@gmail.com<\/a><\/p>\n\n\n\n<h3 class=\"wp-block-heading\" id=\"criteres-de-selection\"><strong>Selection criteria<\/strong><\/h3>\n\n\n\n<ol class=\"wp-block-list\">\n<li>Curriculum vitae (30 %)<\/li>\n\n\n\n<li>Dossier acad\u00e9mique d\u2019\u00e9tudes (30 %)<\/li>\n\n\n\n<li>R\u00e9sum\u00e9 de recherche pour la pr\u00e9sentation ou l\u2019affiche scientifique (40 %)<\/li>\n<\/ol>\n\n\n\n<p>*La note de passage pour obtenir la bourse de d\u00e9placement VinLab est de 70 %.<\/p>\n\n\n\n<h3 class=\"wp-block-heading\" id=\"choix-de-la-personne-laureate\"><strong>Choix de la personne laur\u00e9ate<\/strong><\/h3>\n\n\n\n<p>Un jury compos\u00e9 d\u2019entomologistes experts proc\u00e9dera \u00e0 l\u2019\u00e9valuation des candidatures sur la base des crit\u00e8res de l\u2019excellence acad\u00e9mique ainsi que des aptitudes \u00e0 la recherche. La d\u00e9cision sera prise par le comit\u00e9 de la bourse VinLab et le nom de la personne laur\u00e9ate sera d\u00e9voil\u00e9 par courriel et sur les r\u00e9seaux sociaux officiels de la SEQ.<\/p>\n\n\n\n<p>Afin de recevoir la bourse, la personne laur\u00e9ate en d\u00e9placement devra s\u00e9journer au minimum une nuit \u00e0 l\u2019h\u00e9bergement officiel\/ l\u2019h\u00f4tel situ\u00e9 dans la ville h\u00f4te de la r\u00e9union de la SEC, pr\u00e9senter une preuve de pr\u00e9sentation (copie du programme de l\u2019\u00e9v\u00e8nement). La personne laur\u00e9ate devra aller \u00e0 la rencontre du pr\u00e9sident ou de la pr\u00e9sidente de la SEC (ou toute autre personne d\u00e9l\u00e9gu\u00e9e) de la SEC lors du congr\u00e8s et l&rsquo;inviter \u00e0 prendre une photo en se serrant la main.<\/p>\n\n\n\n<p>La personne laur\u00e9ate consentira \u00e9galement \u00e0 \u00eatre prise en photo en serrant la main du pr\u00e9sident ou de la pr\u00e9sidente (ou toute autre personne d\u00e9l\u00e9gu\u00e9e) de la SEQ, ainsi que du pr\u00e9sident ou de la pr\u00e9sidente (ou toute autre personne d\u00e9l\u00e9gu\u00e9e) de la SEC. La personne laur\u00e9ate devra remettre ces deux photos \u00e0 la SEQ et elles seront diffus\u00e9es sur le site web de la SEQ ainsi que sur les r\u00e9seaux sociaux officiels de la SEQ.<\/p>\n\n\n\n<h3 class=\"wp-block-heading\"><strong>Awardees<\/strong><\/h3>\n\n\n\n<ul class=\"wp-block-list\">\n<li>2025 &#8211; Malek Kalboussi<\/li>\n\n\n\n<li>2024 \u2013 Simon Coroller<\/li>\n\n\n\n<li>2023 \u2013 Am\u00e9lie Morin<\/li>\n\n\n\n<li>2022 \u2013 Natali Demers<\/li>\n<\/ul>\n\n\n\n<div style=\"height:33px\" aria-hidden=\"true\" class=\"wp-block-spacer\"><\/div>\n\n\n\n<figure class=\"wp-block-gallery has-nested-images columns-default is-cropped wp-block-gallery-1 is-layout-flex wp-block-gallery-is-layout-flex\">\n<figure class=\"wp-block-image size-large\"><img loading=\"lazy\" decoding=\"async\" width=\"2242\" height=\"2560\" data-id=\"14164\" src=\"https:\/\/seq.ca\/wp-content\/uploads\/2025\/10\/Malek_Kalboussi2-scaled.jpg\" alt=\"\" class=\"wp-image-14164\" srcset=\"https:\/\/seq.ca\/wp-content\/uploads\/2025\/10\/Malek_Kalboussi2-scaled.jpg 2242w, https:\/\/seq.ca\/wp-content\/uploads\/2025\/10\/Malek_Kalboussi2-263x300.jpg 263w\" sizes=\"auto, (max-width: 2242px) 100vw, 2242px\" \/><\/figure>\n\n\n\n<figure class=\"wp-block-image size-large\"><img loading=\"lazy\" decoding=\"async\" width=\"966\" height=\"1024\" data-id=\"14163\" src=\"https:\/\/seq.ca\/wp-content\/uploads\/2025\/10\/Malek_Kalboussi1-966x1024.jpg\" alt=\"\" class=\"wp-image-14163\" srcset=\"https:\/\/seq.ca\/wp-content\/uploads\/2025\/10\/Malek_Kalboussi1-966x1024.jpg 966w, https:\/\/seq.ca\/wp-content\/uploads\/2025\/10\/Malek_Kalboussi1-283x300.jpg 283w, https:\/\/seq.ca\/wp-content\/uploads\/2025\/10\/Malek_Kalboussi1-768x814.jpg 768w, https:\/\/seq.ca\/wp-content\/uploads\/2025\/10\/Malek_Kalboussi1-1449x1536.jpg 1449w, https:\/\/seq.ca\/wp-content\/uploads\/2025\/10\/Malek_Kalboussi1-1932x2048.jpg 1932w, https:\/\/seq.ca\/wp-content\/uploads\/2025\/10\/Malek_Kalboussi1-11x12.jpg 11w\" sizes=\"auto, (max-width: 966px) 100vw, 966px\" \/><\/figure>\n<\/figure>\n\n\n\n<p class=\"has-text-align-center\">Photos de la r\u00e9cipiendaire de la bourse de 2025, Malek Kalboussi.<\/p>\n\n\n\n<p><\/p>","protected":false},"excerpt":{"rendered":"<p>Objectif La bourse VinLab a pour objectif de permettre \u00e0 un membre \u00e9tudiant de la Soci\u00e9t\u00e9 d\u2019entomologie du Qu\u00e9bec (SEQ) de participer \u00e0 la r\u00e9union annuelle de la Soci\u00e9t\u00e9 d\u2019entomologie du Canada (SEC). Description Il s\u2019agit d\u2019une bourse de d\u00e9placement pour la participation, en personne, \u00e0 la r\u00e9union annuelle de la SEC, peu importe le [&hellip;]<\/p>","protected":false},"author":1,"featured_media":0,"parent":0,"menu_order":0,"comment_status":"closed","ping_status":"closed","template":"","meta":{"pmpro_default_level":"0","_uag_custom_page_level_css":"","footnotes":""},"class_list":["post-11316","page","type-page","status-publish","hentry","pmpro-has-access"],"uagb_featured_image_src":{"full":false,"thumbnail":false,"medium":false,"medium_large":false,"large":false,"1536x1536":false,"2048x2048":false,"trp-custom-language-flag":false,"featured-image-medium":false,"featured-img-medium":false},"uagb_author_info":{"display_name":"Soci\u00e9t\u00e9 d'entomologie du Qu\u00e9bec","author_link":"https:\/\/seq.ca\/en\/author\/webmestreseq\/"},"uagb_comment_info":0,"uagb_excerpt":"Objectif La bourse VinLab a pour objectif de permettre \u00e0 un membre \u00e9tudiant de la Soci\u00e9t\u00e9 d\u2019entomologie du Qu\u00e9bec (SEQ) de participer \u00e0 la r\u00e9union annuelle de la Soci\u00e9t\u00e9 d\u2019entomologie du Canada (SEC). Description Il s\u2019agit d\u2019une bourse de d\u00e9placement pour la participation, en personne, \u00e0 la r\u00e9union annuelle de la SEC, peu importe le&hellip;","_links":{"self":[{"href":"https:\/\/seq.ca\/en\/wp-json\/wp\/v2\/pages\/11316","targetHints":{"allow":["GET"]}}],"collection":[{"href":"https:\/\/seq.ca\/en\/wp-json\/wp\/v2\/pages"}],"about":[{"href":"https:\/\/seq.ca\/en\/wp-json\/wp\/v2\/types\/page"}],"author":[{"embeddable":true,"href":"https:\/\/seq.ca\/en\/wp-json\/wp\/v2\/users\/1"}],"replies":[{"embeddable":true,"href":"https:\/\/seq.ca\/en\/wp-json\/wp\/v2\/comments?post=11316"}],"version-history":[{"count":0,"href":"https:\/\/seq.ca\/en\/wp-json\/wp\/v2\/pages\/11316\/revisions"}],"wp:attachment":[{"href":"https:\/\/seq.ca\/en\/wp-json\/wp\/v2\/media?parent=11316"}],"curies":[{"name":"wp","href":"https:\/\/api.w.org\/{rel}","templated":true}]}}