{"id":12312,"date":"2022-09-02T13:54:35","date_gmt":"2022-09-02T17:54:35","guid":{"rendered":"https:\/\/seq.ca\/?page_id=12312"},"modified":"2022-09-02T13:58:37","modified_gmt":"2022-09-02T17:58:37","slug":"hebergement-2022","status":"publish","type":"page","link":"https:\/\/seq.ca\/en\/reunion-annuelles\/reunion-annuelle-2022\/hebergement-2022\/","title":{"rendered":"H\u00e9bergement 2022"},"content":{"rendered":"<h1 class=\"has-text-align-center has-text-color has-x-large-font-size wp-block-heading\" style=\"color:#004f7c\">SEQ R\u00e9union annuelle 2022<\/h1>\n\n\n\n<h2 class=\"has-text-align-center has-black-color has-text-color has-large-font-size wp-block-heading\">H\u00e9bergement<\/h2>\n\n\n\n<p><\/p>\n\n\n\n<p>Plusieurs h\u00e9bergements sont disponibles \u00e0 proximit\u00e9 du Zoo de Granby. Cliquez sur le lien ci-dessous pour les consulter.<\/p>\n\n\n\n<p class=\"has-vivid-cyan-blue-color has-text-color\"><a href=\"https:\/\/zoodegranby.com\/fr\/visitez\/hebergement\">https:\/\/zoodegranby.com\/fr\/visitez\/hebergement<\/a><\/p>","protected":false},"excerpt":{"rendered":"<p>SEQ R\u00e9union annuelle 2022 H\u00e9bergement Plusieurs h\u00e9bergements sont disponibles \u00e0 proximit\u00e9 du Zoo de Granby. Cliquez sur le lien ci-dessous pour les consulter. https:\/\/zoodegranby.com\/fr\/visitez\/hebergement<\/p>","protected":false},"author":1,"featured_media":0,"parent":12038,"menu_order":0,"comment_status":"closed","ping_status":"closed","template":"","meta":{"pmpro_default_level":"","_uag_custom_page_level_css":"","footnotes":""},"class_list":["post-12312","page","type-page","status-publish","hentry","pmpro-has-access"],"uagb_featured_image_src":{"full":false,"thumbnail":false,"medium":false,"medium_large":false,"large":false,"1536x1536":false,"2048x2048":false,"trp-custom-language-flag":false,"featured-image-medium":false,"featured-img-medium":false},"uagb_author_info":{"display_name":"Soci\u00e9t\u00e9 d'entomologie du Qu\u00e9bec","author_link":"https:\/\/seq.ca\/en\/author\/webmestreseq\/"},"uagb_comment_info":0,"uagb_excerpt":"SEQ R\u00e9union annuelle 2022 H\u00e9bergement Plusieurs h\u00e9bergements sont disponibles \u00e0 proximit\u00e9 du Zoo de Granby. Cliquez sur le lien ci-dessous pour les consulter. https:\/\/zoodegranby.com\/fr\/visitez\/hebergement","_links":{"self":[{"href":"https:\/\/seq.ca\/en\/wp-json\/wp\/v2\/pages\/12312","targetHints":{"allow":["GET"]}}],"collection":[{"href":"https:\/\/seq.ca\/en\/wp-json\/wp\/v2\/pages"}],"about":[{"href":"https:\/\/seq.ca\/en\/wp-json\/wp\/v2\/types\/page"}],"author":[{"embeddable":true,"href":"https:\/\/seq.ca\/en\/wp-json\/wp\/v2\/users\/1"}],"replies":[{"embeddable":true,"href":"https:\/\/seq.ca\/en\/wp-json\/wp\/v2\/comments?post=12312"}],"version-history":[{"count":0,"href":"https:\/\/seq.ca\/en\/wp-json\/wp\/v2\/pages\/12312\/revisions"}],"up":[{"embeddable":true,"href":"https:\/\/seq.ca\/en\/wp-json\/wp\/v2\/pages\/12038"}],"wp:attachment":[{"href":"https:\/\/seq.ca\/en\/wp-json\/wp\/v2\/media?parent=12312"}],"curies":[{"name":"wp","href":"https:\/\/api.w.org\/{rel}","templated":true}]}}