{"id":12313,"date":"2022-09-02T13:54:27","date_gmt":"2022-09-02T17:54:27","guid":{"rendered":"https:\/\/seq.ca\/?page_id=12313"},"modified":"2022-10-11T10:07:53","modified_gmt":"2022-10-11T14:07:53","slug":"partenaires-2022","status":"publish","type":"page","link":"https:\/\/seq.ca\/en\/reunion-annuelles\/reunion-annuelle-2022\/partenaires-2022\/","title":{"rendered":"Partenaires financier 2022"},"content":{"rendered":"<h1 class=\"has-text-align-center has-text-color has-x-large-font-size wp-block-heading\" style=\"color:#004f7c\">SEQ R\u00e9union annuelle 2022<\/h1>\n\n\n\n<h2 class=\"has-text-align-center has-black-color has-text-color has-large-font-size wp-block-heading\">Partenaire financier<\/h2>\n\n\n\n<p><\/p>\n\n\n\n<p class=\"has-text-align-center\">Nous remercions chaleureusement nos partenaires financiers qui permettent la tenue du congr\u00e8s SEQ 2022.<\/p>\n\n\n\n<div class=\"wp-block-group meeting-partner-logos has-background\" style=\"background:linear-gradient(135deg,rgb(245,245,245) 0%,rgb(254,254,254) 52%,rgb(215,215,215) 100%)\"><div class=\"wp-block-group__inner-container is-layout-flow wp-block-group-is-layout-flow\">\n<h2 class=\"has-text-align-center has-large-font-size wp-block-heading\">Platine<\/h2>\n<\/div><\/div>\n\n\n\n<div class=\"wp-block-group meeting-partner-logos has-background\" style=\"background:linear-gradient(135deg,rgb(230,215,141) 0%,rgb(254,254,254) 52%,rgb(201,176,55) 100%)\"><div class=\"wp-block-group__inner-container is-layout-flow wp-block-group-is-layout-flow\">\n<h2 class=\"has-text-align-center has-large-font-size wp-block-heading\">Or<\/h2>\n\n\n<div class=\"wp-block-image\">\n<figure class=\"aligncenter size-full is-resized\"><a href=\"https:\/\/solida.quebec\/\"><img loading=\"lazy\" decoding=\"async\" src=\"https:\/\/seq.ca\/wp-content\/uploads\/2022\/09\/Solida.png\" alt=\"\" class=\"wp-image-12473\" width=\"516\" height=\"514\" srcset=\"https:\/\/seq.ca\/wp-content\/uploads\/2022\/09\/Solida.png 516w, https:\/\/seq.ca\/wp-content\/uploads\/2022\/09\/Solida-150x150.png 150w, https:\/\/seq.ca\/wp-content\/uploads\/2022\/09\/Solida-300x300.png 300w, https:\/\/seq.ca\/wp-content\/uploads\/2022\/09\/Solida-60x60.png 60w\" sizes=\"auto, (max-width: 516px) 100vw, 516px\" \/><\/a><\/figure>\n<\/div>\n\n\n<figure class=\"wp-block-image size-large\"><a href=\"https:\/\/www.mapaq.gouv.qc.ca\/fr\/Pages\/Accueil.aspx\"><img loading=\"lazy\" decoding=\"async\" width=\"1024\" height=\"307\" src=\"https:\/\/seq.ca\/wp-content\/uploads\/2022\/09\/QUEBEC_ecran_2coul-1-1024x307.png\" alt=\"\" class=\"wp-image-12387\" srcset=\"https:\/\/seq.ca\/wp-content\/uploads\/2022\/09\/QUEBEC_ecran_2coul-1-1024x307.png 1024w, https:\/\/seq.ca\/wp-content\/uploads\/2022\/09\/QUEBEC_ecran_2coul-1-300x90.png 300w, https:\/\/seq.ca\/wp-content\/uploads\/2022\/09\/QUEBEC_ecran_2coul-1-768x230.png 768w, https:\/\/seq.ca\/wp-content\/uploads\/2022\/09\/QUEBEC_ecran_2coul-1-200x60.png 200w, https:\/\/seq.ca\/wp-content\/uploads\/2022\/09\/QUEBEC_ecran_2coul-1.png 1120w\" sizes=\"auto, (max-width: 1024px) 100vw, 1024px\" \/><\/a><\/figure>\n<\/div><\/div>\n\n\n\n<div class=\"wp-block-group meeting-partner-logos has-background\" style=\"background:linear-gradient(135deg,rgb(220,220,220) 0%,rgb(254,254,254) 52%,rgb(180,180,180) 100%)\"><div class=\"wp-block-group__inner-container is-layout-flow wp-block-group-is-layout-flow\">\n<h2 class=\"has-text-align-center has-large-font-size wp-block-heading\">Argent<\/h2>\n\n\n<div class=\"wp-block-image\">\n<figure class=\"aligncenter size-full is-resized\"><img decoding=\"async\" src=\"https:\/\/seq.ca\/wp-content\/uploads\/2022\/10\/nrcan_fip_f_2c_55.jpg\" alt=\"\" class=\"wp-image-12937\" width=\"1000\" srcset=\"https:\/\/seq.ca\/wp-content\/uploads\/2022\/10\/nrcan_fip_f_2c_55.jpg 810w, https:\/\/seq.ca\/wp-content\/uploads\/2022\/10\/nrcan_fip_f_2c_55-300x28.jpg 300w, https:\/\/seq.ca\/wp-content\/uploads\/2022\/10\/nrcan_fip_f_2c_55-768x71.jpg 768w, https:\/\/seq.ca\/wp-content\/uploads\/2022\/10\/nrcan_fip_f_2c_55-200x19.jpg 200w\" sizes=\"(max-width: 810px) 100vw, 810px\" \/><\/figure>\n<\/div><\/div><\/div>\n\n\n\n<div class=\"wp-block-group meeting-partner-logos has-background\" style=\"background:linear-gradient(135deg,rgb(225,202,173) 0%,rgb(254,254,254) 52%,rgb(173,138,86) 100%)\"><div class=\"wp-block-group__inner-container is-layout-flow wp-block-group-is-layout-flow\">\n<h2 class=\"has-text-align-center has-large-font-size wp-block-heading\">Bronze<\/h2>\n\n\n\n<div class=\"wp-block-columns is-layout-flex wp-container-core-columns-is-layout-9d6595d7 wp-block-columns-is-layout-flex\">\n<div class=\"wp-block-column is-vertically-aligned-center is-layout-flow wp-block-column-is-layout-flow\" style=\"flex-basis:50%\"><div class=\"wp-block-image\">\n<figure class=\"aligncenter size-large\"><a href=\"https:\/\/anatisbioprotection.com\/\"><img loading=\"lazy\" decoding=\"async\" width=\"1024\" height=\"235\" src=\"https:\/\/seq.ca\/wp-content\/uploads\/2022\/09\/LOGO_AnatisCMYK-1-1024x235.png\" alt=\"\" class=\"wp-image-12347\" srcset=\"https:\/\/seq.ca\/wp-content\/uploads\/2022\/09\/LOGO_AnatisCMYK-1-1024x235.png 1024w, https:\/\/seq.ca\/wp-content\/uploads\/2022\/09\/LOGO_AnatisCMYK-1-300x69.png 300w, https:\/\/seq.ca\/wp-content\/uploads\/2022\/09\/LOGO_AnatisCMYK-1-768x176.png 768w, https:\/\/seq.ca\/wp-content\/uploads\/2022\/09\/LOGO_AnatisCMYK-1-200x46.png 200w, https:\/\/seq.ca\/wp-content\/uploads\/2022\/09\/LOGO_AnatisCMYK-1-600x138.png 600w, https:\/\/seq.ca\/wp-content\/uploads\/2022\/09\/LOGO_AnatisCMYK-1.png 1280w\" sizes=\"auto, (max-width: 1024px) 100vw, 1024px\" \/><\/a><\/figure>\n<\/div><\/div>\n\n\n\n<div class=\"wp-block-column is-layout-flow wp-block-column-is-layout-flow\"><\/div>\n\n\n\n<div class=\"wp-block-column is-vertically-aligned-center is-layout-flow wp-block-column-is-layout-flow\" style=\"flex-basis:50%\"><div class=\"wp-block-image\">\n<figure class=\"aligncenter size-full\"><a href=\"https:\/\/naturalinsectcontrol.com\/\"><img loading=\"lazy\" decoding=\"async\" width=\"414\" height=\"266\" src=\"https:\/\/seq.ca\/wp-content\/uploads\/2022\/09\/NIC.png\" alt=\"\" class=\"wp-image-12333\" srcset=\"https:\/\/seq.ca\/wp-content\/uploads\/2022\/09\/NIC.png 414w, https:\/\/seq.ca\/wp-content\/uploads\/2022\/09\/NIC-300x193.png 300w, https:\/\/seq.ca\/wp-content\/uploads\/2022\/09\/NIC-93x60.png 93w\" sizes=\"auto, (max-width: 414px) 100vw, 414px\" \/><\/a><\/figure>\n<\/div><\/div>\n<\/div>\n\n\n<div class=\"wp-block-image\">\n<figure class=\"aligncenter size-large is-resized\"><a href=\"https:\/\/pomonabioconcept.ca\/\"><img loading=\"lazy\" decoding=\"async\" src=\"https:\/\/seq.ca\/wp-content\/uploads\/2022\/09\/Pomona-3-1024x397.png\" alt=\"\" class=\"wp-image-12485\" width=\"512\" height=\"199\" srcset=\"https:\/\/seq.ca\/wp-content\/uploads\/2022\/09\/Pomona-3-1024x397.png 1024w, https:\/\/seq.ca\/wp-content\/uploads\/2022\/09\/Pomona-3-300x116.png 300w, https:\/\/seq.ca\/wp-content\/uploads\/2022\/09\/Pomona-3-768x298.png 768w, https:\/\/seq.ca\/wp-content\/uploads\/2022\/09\/Pomona-3-1536x596.png 1536w, https:\/\/seq.ca\/wp-content\/uploads\/2022\/09\/Pomona-3-2048x794.png 2048w, https:\/\/seq.ca\/wp-content\/uploads\/2022\/09\/Pomona-3-155x60.png 155w\" sizes=\"auto, (max-width: 512px) 100vw, 512px\" \/><\/a><\/figure>\n<\/div>\n\n\n<div class=\"wp-block-columns is-layout-flex wp-container-core-columns-is-layout-9d6595d7 wp-block-columns-is-layout-flex\">\n<div class=\"wp-block-column is-layout-flow wp-block-column-is-layout-flow\" style=\"flex-basis:100%\">\n<div class=\"wp-block-columns is-layout-flex wp-container-core-columns-is-layout-9d6595d7 wp-block-columns-is-layout-flex\">\n<div class=\"wp-block-column is-layout-flow wp-block-column-is-layout-flow\" style=\"flex-basis:100%\">\n<div class=\"wp-block-group\"><div class=\"wp-block-group__inner-container is-layout-flow wp-block-group-is-layout-flow\"><div class=\"wp-block-image\">\n<figure class=\"aligncenter size-full is-resized\"><a href=\"https:\/\/centreseve.recherche.usherbrooke.ca\/\"><img loading=\"lazy\" decoding=\"async\" src=\"https:\/\/seq.ca\/wp-content\/uploads\/2022\/09\/CentreSeve-Logo-Mars2015-Final.jpg\" alt=\"\" class=\"wp-image-12806\" width=\"675\" height=\"239\" srcset=\"https:\/\/seq.ca\/wp-content\/uploads\/2022\/09\/CentreSeve-Logo-Mars2015-Final.jpg 3039w, https:\/\/seq.ca\/wp-content\/uploads\/2022\/09\/CentreSeve-Logo-Mars2015-Final-300x107.jpg 300w, https:\/\/seq.ca\/wp-content\/uploads\/2022\/09\/CentreSeve-Logo-Mars2015-Final-768x273.jpg 768w, https:\/\/seq.ca\/wp-content\/uploads\/2022\/09\/CentreSeve-Logo-Mars2015-Final-1024x364.jpg 1024w, https:\/\/seq.ca\/wp-content\/uploads\/2022\/09\/CentreSeve-Logo-Mars2015-Final-1536x545.jpg 1536w, https:\/\/seq.ca\/wp-content\/uploads\/2022\/09\/CentreSeve-Logo-Mars2015-Final-2048x727.jpg 2048w, https:\/\/seq.ca\/wp-content\/uploads\/2022\/09\/CentreSeve-Logo-Mars2015-Final-169x60.jpg 169w\" sizes=\"auto, (max-width: 675px) 100vw, 675px\" \/><\/a><\/figure>\n<\/div><\/div><\/div>\n<\/div>\n<\/div>\n<\/div>\n<\/div>\n\n\n\n<div class=\"wp-block-columns is-layout-flex wp-container-core-columns-is-layout-9d6595d7 wp-block-columns-is-layout-flex\">\n<div class=\"wp-block-column is-layout-flow wp-block-column-is-layout-flow\" style=\"flex-basis:100%\"><div class=\"wp-block-image\">\n<figure class=\"aligncenter size-full is-resized\"><a href=\"https:\/\/prisme.ca\/\"><img loading=\"lazy\" decoding=\"async\" src=\"https:\/\/seq.ca\/wp-content\/uploads\/2022\/09\/phytodata-1.png\" alt=\"\" class=\"wp-image-12884\" width=\"302\" height=\"259\" srcset=\"https:\/\/seq.ca\/wp-content\/uploads\/2022\/09\/phytodata-1.png 127w, https:\/\/seq.ca\/wp-content\/uploads\/2022\/09\/phytodata-1-70x60.png 70w\" sizes=\"auto, (max-width: 302px) 100vw, 302px\" \/><\/a><\/figure>\n<\/div><\/div>\n<\/div>\n\n\n\n<div class=\"wp-block-group\"><div class=\"wp-block-group__inner-container is-layout-flow wp-block-group-is-layout-flow\"><div class=\"wp-block-image\">\n<figure class=\"aligncenter size-full is-resized\"><a href=\"https:\/\/entosystem.com\/\"><img loading=\"lazy\" decoding=\"async\" src=\"https:\/\/seq.ca\/wp-content\/uploads\/2022\/09\/Logo_avec_slogan_entosystem_FR.png\" alt=\"\" class=\"wp-image-12898\" width=\"407\" height=\"323\" srcset=\"https:\/\/seq.ca\/wp-content\/uploads\/2022\/09\/Logo_avec_slogan_entosystem_FR.png 521w, https:\/\/seq.ca\/wp-content\/uploads\/2022\/09\/Logo_avec_slogan_entosystem_FR-300x238.png 300w, https:\/\/seq.ca\/wp-content\/uploads\/2022\/09\/Logo_avec_slogan_entosystem_FR-76x60.png 76w\" sizes=\"auto, (max-width: 407px) 100vw, 407px\" \/><\/a><\/figure>\n<\/div><\/div><\/div>\n<\/div><\/div>","protected":false},"excerpt":{"rendered":"<p>SEQ R\u00e9union annuelle 2022 Partenaire financier Nous remercions chaleureusement nos partenaires financiers qui permettent la tenue du congr\u00e8s SEQ 2022. Platine Or Argent Bronze<\/p>","protected":false},"author":1,"featured_media":0,"parent":12038,"menu_order":0,"comment_status":"closed","ping_status":"closed","template":"","meta":{"pmpro_default_level":"","_uag_custom_page_level_css":"","footnotes":""},"class_list":["post-12313","page","type-page","status-publish","hentry","pmpro-has-access"],"uagb_featured_image_src":{"full":false,"thumbnail":false,"medium":false,"medium_large":false,"large":false,"1536x1536":false,"2048x2048":false,"trp-custom-language-flag":false,"featured-image-medium":false,"featured-img-medium":false},"uagb_author_info":{"display_name":"Soci\u00e9t\u00e9 d'entomologie du Qu\u00e9bec","author_link":"https:\/\/seq.ca\/en\/author\/webmestreseq\/"},"uagb_comment_info":0,"uagb_excerpt":"SEQ R\u00e9union annuelle 2022 Partenaire financier Nous remercions chaleureusement nos partenaires financiers qui permettent la tenue du congr\u00e8s SEQ 2022. Platine Or Argent Bronze","_links":{"self":[{"href":"https:\/\/seq.ca\/en\/wp-json\/wp\/v2\/pages\/12313","targetHints":{"allow":["GET"]}}],"collection":[{"href":"https:\/\/seq.ca\/en\/wp-json\/wp\/v2\/pages"}],"about":[{"href":"https:\/\/seq.ca\/en\/wp-json\/wp\/v2\/types\/page"}],"author":[{"embeddable":true,"href":"https:\/\/seq.ca\/en\/wp-json\/wp\/v2\/users\/1"}],"replies":[{"embeddable":true,"href":"https:\/\/seq.ca\/en\/wp-json\/wp\/v2\/comments?post=12313"}],"version-history":[{"count":0,"href":"https:\/\/seq.ca\/en\/wp-json\/wp\/v2\/pages\/12313\/revisions"}],"up":[{"embeddable":true,"href":"https:\/\/seq.ca\/en\/wp-json\/wp\/v2\/pages\/12038"}],"wp:attachment":[{"href":"https:\/\/seq.ca\/en\/wp-json\/wp\/v2\/media?parent=12313"}],"curies":[{"name":"wp","href":"https:\/\/api.w.org\/{rel}","templated":true}]}}