{"id":13277,"date":"2023-07-04T15:17:32","date_gmt":"2023-07-04T19:17:32","guid":{"rendered":"https:\/\/seq.ca\/?page_id=13277"},"modified":"2023-07-05T06:50:57","modified_gmt":"2023-07-05T10:50:57","slug":"test-page","status":"publish","type":"page","link":"https:\/\/seq.ca\/en\/test-page\/","title":{"rendered":"Test Page"},"content":{"rendered":"<p>Page test SEQ<\/p>\n\n\n\n<figure class=\"wp-block-image size-large\"><img loading=\"lazy\" decoding=\"async\" width=\"1667\" height=\"1111\" src=\"https:\/\/seq.ca\/wp-content\/uploads\/2023\/07\/085A9538-1-edited.jpg\" alt=\"\" class=\"wp-image-13281\" srcset=\"https:\/\/seq.ca\/wp-content\/uploads\/2023\/07\/085A9538-1-edited.jpg 1667w, https:\/\/seq.ca\/wp-content\/uploads\/2023\/07\/085A9538-1-edited-300x200.jpg 300w, https:\/\/seq.ca\/wp-content\/uploads\/2023\/07\/085A9538-1-edited-1024x682.jpg 1024w, https:\/\/seq.ca\/wp-content\/uploads\/2023\/07\/085A9538-1-edited-768x512.jpg 768w, https:\/\/seq.ca\/wp-content\/uploads\/2023\/07\/085A9538-1-edited-1536x1024.jpg 1536w, https:\/\/seq.ca\/wp-content\/uploads\/2023\/07\/085A9538-1-edited-750x500.jpg 750w, https:\/\/seq.ca\/wp-content\/uploads\/2023\/07\/085A9538-1-edited-90x60.jpg 90w\" sizes=\"auto, (max-width: 1667px) 100vw, 1667px\" \/><\/figure>","protected":false},"excerpt":{"rendered":"<p>Page test SEQ<\/p>","protected":false},"author":1,"featured_media":0,"parent":0,"menu_order":0,"comment_status":"closed","ping_status":"closed","template":"","meta":{"pmpro_default_level":"","_uag_custom_page_level_css":"","footnotes":""},"class_list":["post-13277","page","type-page","status-publish","hentry","pmpro-has-access"],"uagb_featured_image_src":{"full":false,"thumbnail":false,"medium":false,"medium_large":false,"large":false,"1536x1536":false,"2048x2048":false,"trp-custom-language-flag":false,"featured-image-medium":false,"featured-img-medium":false},"uagb_author_info":{"display_name":"Soci\u00e9t\u00e9 d'entomologie du Qu\u00e9bec","author_link":"https:\/\/seq.ca\/en\/author\/webmestreseq\/"},"uagb_comment_info":0,"uagb_excerpt":"Page test SEQ","_links":{"self":[{"href":"https:\/\/seq.ca\/en\/wp-json\/wp\/v2\/pages\/13277","targetHints":{"allow":["GET"]}}],"collection":[{"href":"https:\/\/seq.ca\/en\/wp-json\/wp\/v2\/pages"}],"about":[{"href":"https:\/\/seq.ca\/en\/wp-json\/wp\/v2\/types\/page"}],"author":[{"embeddable":true,"href":"https:\/\/seq.ca\/en\/wp-json\/wp\/v2\/users\/1"}],"replies":[{"embeddable":true,"href":"https:\/\/seq.ca\/en\/wp-json\/wp\/v2\/comments?post=13277"}],"version-history":[{"count":0,"href":"https:\/\/seq.ca\/en\/wp-json\/wp\/v2\/pages\/13277\/revisions"}],"wp:attachment":[{"href":"https:\/\/seq.ca\/en\/wp-json\/wp\/v2\/media?parent=13277"}],"curies":[{"name":"wp","href":"https:\/\/api.w.org\/{rel}","templated":true}]}}