{"id":13316,"date":"2023-07-19T15:12:27","date_gmt":"2023-07-19T19:12:27","guid":{"rendered":"https:\/\/seq.ca\/?page_id=13316"},"modified":"2025-09-11T12:01:42","modified_gmt":"2025-09-11T16:01:42","slug":"reunion-annuelle-2024","status":"publish","type":"page","link":"https:\/\/seq.ca\/en\/reunion-annuelle-2024\/","title":{"rendered":"R\u00e9union annuelle &#8211; 2024"},"content":{"rendered":"<h2 class=\"wp-block-heading has-black-color has-text-color has-large-font-size\"><em><strong><strong>Le bon, la brute et le truand &#8211; Une question de perspective<\/strong><\/strong><\/em><\/h2>\n\n\n\n<p><\/p>\n\n\n\n<p>La Soci\u00e9t\u00e9 d&rsquo;entomologie du Qu\u00e9bec a l&rsquo;immense plaisir de vous inviter \u00e0 la r\u00e9union annuelle conjointe de la Soci\u00e9t\u00e9 d&rsquo;entomologie du Canada et de la Soci\u00e9t\u00e9 d&rsquo;entomologie du Qu\u00e9bec! La r\u00e9union annuelle se tiendra du 20 au 23 octobre 2024 dans la charmante capitale de la province, Qu\u00e9bec.<\/p>\n\n\n\n<h2 class=\"wp-block-heading\">Comit\u00e9 organisateur local<\/h2>\n\n\n\n<p><strong>Pr\u00e9sident <\/strong>: Joseph Moisan-De Serres<br><strong>Pr\u00e9sidente des arrangements locaux<\/strong> : Val\u00e9rie Fournier<br><strong>Tr\u00e9sorier <\/strong>: Mario Fr\u00e9chette<br><strong>Programme scientifique<\/strong> : Genevi\u00e8ve Labrie, Julien Saguez et S\u00e9bastien Boquel<br><strong>Lev\u00e9e de fonds<\/strong> : Raymond-Marie Duchesne et S\u00e9bastien Boquel<br><strong>Communications et m\u00e9dias sociaux<\/strong> : \u00c9tienne Normandin<br><strong>Site web<\/strong> : V\u00e9ronique Martel<br><strong>Programme <\/strong>: Christine Jean<br><strong>Inscriptions<\/strong>: Valentine Glaus<\/p>\n\n\n\n<p><\/p>\n\n\n\n<h2 class=\"wp-block-heading\">Dates et informations importantes<\/h2>\n\n\n\n<ul class=\"wp-block-list\">\n<li>Date du congr\u00e8s : 20 au 23 octobre 2024<\/li>\n<\/ul>\n\n\n\n<p><\/p>\n\n\n\n<h3 class=\"wp-block-heading\">Site web<\/h3>\n\n\n\n<p><a href=\"https:\/\/event.fourwaves.com\/fr\/seq-esc2024\/pages\" target=\"_blank\" rel=\"noreferrer noopener\">https:\/\/event.fourwaves.com\/fr\/seq-esc2024\/pages<\/a><\/p>\n\n\n\n<p><\/p>\n\n\n\n<h3 class=\"wp-block-heading\">Contactez-nous<\/h3>\n\n\n\n<p>Pour toute question sur l&rsquo;\u00e9v\u00e9nement, veuillez contacter V\u00e9ronique Martel&nbsp;(<a href=\"mailto:veronique.martel@nrcan-rncan.gc.ca\">veronique.martel@nrcan-rncan.gc.ca<\/a>).<\/p>\n\n\n\n<div style=\"height:43px\" aria-hidden=\"true\" class=\"wp-block-spacer\"><\/div>\n\n\n\n<div class=\"wp-block-uagb-advanced-heading uagb-block-050d3064\"><div class=\"uagb-separator\"><\/div><h2 class=\"uagb-heading-text\">Photos de la r\u00e9union<\/h2><\/div>\n\n\n\n<figure class=\"wp-block-embed is-type-wp-embed is-provider-soci-t-d-039-entomologie-du-qu-bec wp-block-embed-soci-t-d-039-entomologie-du-qu-bec\"><div class=\"wp-block-embed__wrapper\">\n<blockquote class=\"wp-embedded-content\" data-secret=\"M9Mahi1LJV\"><a href=\"https:\/\/seq.ca\/en\/photos-du-jam-2024\/\">Photos du JAM 2024<\/a><\/blockquote><iframe loading=\"lazy\" class=\"wp-embedded-content\" sandbox=\"allow-scripts\" security=\"restricted\" style=\"position: absolute; visibility: hidden;\" title=\"\u00ab\u00a0Photos du JAM 2024\u00a0\u00bb &#8212; Soci\u00e9t\u00e9 d&#039;entomologie du Qu\u00e9bec\" src=\"https:\/\/seq.ca\/photos-du-jam-2024\/embed\/#?secret=G8WhzXbPh9#?secret=M9Mahi1LJV\" data-secret=\"M9Mahi1LJV\" width=\"600\" height=\"338\" frameborder=\"0\" marginwidth=\"0\" marginheight=\"0\" scrolling=\"no\"><\/iframe>\n<\/div><\/figure>\n\n\n\n<p><\/p>","protected":false},"excerpt":{"rendered":"<p>Le bon, la brute et le truand &#8211; Une question de perspective La Soci\u00e9t\u00e9 d&rsquo;entomologie du Qu\u00e9bec a l&rsquo;immense plaisir de vous inviter \u00e0 la r\u00e9union annuelle conjointe de la Soci\u00e9t\u00e9 d&rsquo;entomologie du Canada et de la Soci\u00e9t\u00e9 d&rsquo;entomologie du Qu\u00e9bec! La r\u00e9union annuelle se tiendra du 20 au 23 octobre 2024 dans la charmante [&hellip;]<\/p>","protected":false},"author":26,"featured_media":0,"parent":0,"menu_order":0,"comment_status":"closed","ping_status":"closed","template":"","meta":{"pmpro_default_level":"","_uag_custom_page_level_css":"","footnotes":""},"class_list":["post-13316","page","type-page","status-publish","hentry","pmpro-has-access"],"uagb_featured_image_src":{"full":false,"thumbnail":false,"medium":false,"medium_large":false,"large":false,"1536x1536":false,"2048x2048":false,"trp-custom-language-flag":false,"featured-image-medium":false,"featured-img-medium":false},"uagb_author_info":{"display_name":"Fr\u00e9d\u00e9ric McCune","author_link":"https:\/\/seq.ca\/en\/author\/mccunefrgmail-com\/"},"uagb_comment_info":0,"uagb_excerpt":"Le bon, la brute et le truand &#8211; Une question de perspective La Soci\u00e9t\u00e9 d&rsquo;entomologie du Qu\u00e9bec a l&rsquo;immense plaisir de vous inviter \u00e0 la r\u00e9union annuelle conjointe de la Soci\u00e9t\u00e9 d&rsquo;entomologie du Canada et de la Soci\u00e9t\u00e9 d&rsquo;entomologie du Qu\u00e9bec! La r\u00e9union annuelle se tiendra du 20 au 23 octobre 2024 dans la charmante&hellip;","_links":{"self":[{"href":"https:\/\/seq.ca\/en\/wp-json\/wp\/v2\/pages\/13316","targetHints":{"allow":["GET"]}}],"collection":[{"href":"https:\/\/seq.ca\/en\/wp-json\/wp\/v2\/pages"}],"about":[{"href":"https:\/\/seq.ca\/en\/wp-json\/wp\/v2\/types\/page"}],"author":[{"embeddable":true,"href":"https:\/\/seq.ca\/en\/wp-json\/wp\/v2\/users\/26"}],"replies":[{"embeddable":true,"href":"https:\/\/seq.ca\/en\/wp-json\/wp\/v2\/comments?post=13316"}],"version-history":[{"count":0,"href":"https:\/\/seq.ca\/en\/wp-json\/wp\/v2\/pages\/13316\/revisions"}],"wp:attachment":[{"href":"https:\/\/seq.ca\/en\/wp-json\/wp\/v2\/media?parent=13316"}],"curies":[{"name":"wp","href":"https:\/\/api.w.org\/{rel}","templated":true}]}}