{"id":146,"date":"2018-11-27T21:26:22","date_gmt":"2018-11-28T02:26:22","guid":{"rendered":"https:\/\/seq.ca?page_id=146"},"modified":"2025-02-17T20:47:43","modified_gmt":"2025-02-18T01:47:43","slug":"roles","status":"publish","type":"page","link":"https:\/\/seq.ca\/en\/la-societe\/roles\/","title":{"rendered":"R\u00f4le de la Soci\u00e9t\u00e9 d&rsquo;entomologie du Qu\u00e9bec"},"content":{"rendered":"<p><strong>Notre mission<\/strong>:<\/p>\n<ul>\n<li>Promouvoir et soutenir l&rsquo;int\u00e9r\u00eat et le d\u00e9veloppement de l&rsquo;entomologie en mati\u00e8re d&rsquo;\u00e9ducation, de recherche et de conservation.<\/li>\n<\/ul>\n<ul>\n<li>\u00c9tablir et maintenir des relations avec toute personne qui s&rsquo;int\u00e9resse \u00e0 l&rsquo;\u00e9tude des insectes ou autres arthropodes.<\/li>\n<\/ul>\n<ul>\n<li>Diffuser les connaissances entomologiques par les publications de la Soci\u00e9t\u00e9.<\/li>\n<\/ul>\n<ul>\n<li>Assurer l&rsquo;\u00e9tablissement et le maintien d&rsquo;une \u00e9troite collaboration avec tout individu ou groupe susceptible de contribuer \u00e0 l&rsquo;atteinte des buts de la Soci\u00e9t\u00e9.<\/li>\n<\/ul>","protected":false},"excerpt":{"rendered":"<p>Promouvoir et soutenir l&rsquo;int\u00e9r\u00eat et le d\u00e9veloppement de l&rsquo;entomologie en mati\u00e8re d&rsquo;\u00e9ducation, de recherche et de conservation. \u00c9tablir et maintenir des relations avec toute personne qui s&rsquo;int\u00e9resse \u00e0 l&rsquo;\u00e9tude des insectes ou autres arthropodes. <\/p>","protected":false},"author":1,"featured_media":13870,"parent":31,"menu_order":0,"comment_status":"closed","ping_status":"closed","template":"","meta":{"pmpro_default_level":"","_uag_custom_page_level_css":"","footnotes":""},"class_list":["post-146","page","type-page","status-publish","has-post-thumbnail","hentry","pmpro-has-access"],"uagb_featured_image_src":{"full":["https:\/\/seq.ca\/wp-content\/uploads\/2025\/02\/homepage_ladybeetle-scaled.webp",2560,1707,false],"thumbnail":["https:\/\/seq.ca\/wp-content\/uploads\/2025\/02\/homepage_ladybeetle-150x150.webp",150,150,true],"medium":["https:\/\/seq.ca\/wp-content\/uploads\/2025\/02\/homepage_ladybeetle-300x200.webp",300,200,true],"medium_large":["https:\/\/seq.ca\/wp-content\/uploads\/2025\/02\/homepage_ladybeetle-768x512.webp",768,512,true],"large":["https:\/\/seq.ca\/wp-content\/uploads\/2025\/02\/homepage_ladybeetle-1024x683.webp",768,512,true],"1536x1536":["https:\/\/seq.ca\/wp-content\/uploads\/2025\/02\/homepage_ladybeetle-scaled.webp",1536,1024,false],"2048x2048":["https:\/\/seq.ca\/wp-content\/uploads\/2025\/02\/homepage_ladybeetle-scaled.webp",2048,1366,false],"trp-custom-language-flag":["https:\/\/seq.ca\/wp-content\/uploads\/2025\/02\/homepage_ladybeetle-scaled.webp",18,12,false],"featured-image-medium":["https:\/\/seq.ca\/wp-content\/uploads\/2025\/02\/homepage_ladybeetle-scaled.webp",525,350,false],"featured-img-medium":["https:\/\/seq.ca\/wp-content\/uploads\/2025\/02\/homepage_ladybeetle-scaled.webp",562,375,false]},"uagb_author_info":{"display_name":"Soci\u00e9t\u00e9 d'entomologie du Qu\u00e9bec","author_link":"https:\/\/seq.ca\/en\/author\/webmestreseq\/"},"uagb_comment_info":0,"uagb_excerpt":"Promouvoir et soutenir l'int\u00e9r\u00eat et le d\u00e9veloppement de l'entomologie en mati\u00e8re d'\u00e9ducation, de recherche et de conservation. \u00c9tablir et maintenir des relations avec toute personne qui s'int\u00e9resse \u00e0 l'\u00e9tude des insectes ou autres arthropodes.","_links":{"self":[{"href":"https:\/\/seq.ca\/en\/wp-json\/wp\/v2\/pages\/146","targetHints":{"allow":["GET"]}}],"collection":[{"href":"https:\/\/seq.ca\/en\/wp-json\/wp\/v2\/pages"}],"about":[{"href":"https:\/\/seq.ca\/en\/wp-json\/wp\/v2\/types\/page"}],"author":[{"embeddable":true,"href":"https:\/\/seq.ca\/en\/wp-json\/wp\/v2\/users\/1"}],"replies":[{"embeddable":true,"href":"https:\/\/seq.ca\/en\/wp-json\/wp\/v2\/comments?post=146"}],"version-history":[{"count":0,"href":"https:\/\/seq.ca\/en\/wp-json\/wp\/v2\/pages\/146\/revisions"}],"up":[{"embeddable":true,"href":"https:\/\/seq.ca\/en\/wp-json\/wp\/v2\/pages\/31"}],"wp:featuredmedia":[{"embeddable":true,"href":"https:\/\/seq.ca\/en\/wp-json\/wp\/v2\/media\/13870"}],"wp:attachment":[{"href":"https:\/\/seq.ca\/en\/wp-json\/wp\/v2\/media?parent=146"}],"curies":[{"name":"wp","href":"https:\/\/api.w.org\/{rel}","templated":true}]}}