{"id":14669,"date":"2026-05-13T19:11:17","date_gmt":"2026-05-13T23:11:17","guid":{"rendered":"https:\/\/seq.ca\/?page_id=14669"},"modified":"2026-05-13T19:11:20","modified_gmt":"2026-05-13T23:11:20","slug":"reunion-annuelle-2026","status":"publish","type":"page","link":"https:\/\/seq.ca\/en\/reunion-annuelle-2026\/","title":{"rendered":"R\u00e9union annuelle \u2013 2026"},"content":{"rendered":"<figure class=\"wp-block-image size-large is-resized\"><img loading=\"lazy\" decoding=\"async\" width=\"977\" height=\"1024\" src=\"https:\/\/seq.ca\/wp-content\/uploads\/2026\/05\/c2ed0294-f137-4865-a9b5-d4cea22a7cf0-977x1024.webp\" alt=\"\" class=\"wp-image-14666\" style=\"aspect-ratio:0.9541166242715008;width:306px;height:auto\" srcset=\"https:\/\/seq.ca\/wp-content\/uploads\/2026\/05\/c2ed0294-f137-4865-a9b5-d4cea22a7cf0-977x1024.webp 977w, https:\/\/seq.ca\/wp-content\/uploads\/2026\/05\/c2ed0294-f137-4865-a9b5-d4cea22a7cf0-286x300.webp 286w, https:\/\/seq.ca\/wp-content\/uploads\/2026\/05\/c2ed0294-f137-4865-a9b5-d4cea22a7cf0-768x805.webp 768w, https:\/\/seq.ca\/wp-content\/uploads\/2026\/05\/c2ed0294-f137-4865-a9b5-d4cea22a7cf0-11x12.webp 11w, https:\/\/seq.ca\/wp-content\/uploads\/2026\/05\/c2ed0294-f137-4865-a9b5-d4cea22a7cf0.webp 1286w\" sizes=\"auto, (max-width: 977px) 100vw, 977px\" \/><\/figure>\n\n\n\n<h2 class=\"wp-block-heading\"><strong><em><strong><em>Observer le petit. Accomplir le grand.<\/em><\/strong><\/em><\/strong><\/h2>\n\n\n\n<p>\u00c0 travers les travaux de ses membres, la SEQ transforme des d\u00e9couvertes scientifiques fondamentales en solutions concr\u00e8tes applicables sur le terrain. Cette \u00e9dition mettra en lumi\u00e8re une dynamique d\u2019innovation o\u00f9 chaque d\u00e9couverte contribue \u00e0 l\u2019\u00e9volution de la lutte antiparasitaire, de l\u2019agronomie, de la foresterie et de la conservation de la biodiversit\u00e9. <\/p>\n\n\n\n<p>Cette r\u00e9union sera une occasion d\u2019illustrer le parcours remarquable qui m\u00e8ne \u00e0 la compr\u00e9hension des m\u00e9canismes biologiques et au d\u00e9ploiement d\u2019outils et de strat\u00e9gies appliqu\u00e9s, adopt\u00e9s et valoris\u00e9s par les utilisateurs. <\/p>\n\n\n\n<p>Le congr\u00e8s proposera un symposium sur les avanc\u00e9es en recherche appliqu\u00e9e, structur\u00e9 autour de quatre conf\u00e9rences th\u00e9matiques : (1) entomologie appliqu\u00e9e, lutte int\u00e9gr\u00e9e et biocontr\u00f4le ; (2) biodiversit\u00e9, \u00e9cologie \u00e9volutive et conservation ; (3) physiologie, \u00e9cophysiologie et m\u00e9canismes mol\u00e9culaires ; et (4) entomologie foresti\u00e8re. Cette rencontre mettra en lumi\u00e8re la trajectoire des innovations o\u00f9 chaque id\u00e9e, soigneusement cultiv\u00e9e, devient une r\u00e9alisation qui am\u00e9liore nos pratiques et enrichit notre compr\u00e9hension du monde des insectes.\u00a0<\/p>\n\n\n\n<h2 class=\"wp-block-heading\">Comit\u00e9 organisateur:<\/h2>\n\n\n\n<p><strong>Co-Pr\u00e9sidents :&nbsp;<\/strong>Maxime Lefebvre et<strong>&nbsp;<\/strong>S\u00e9bastien Boquel<\/p>\n\n\n\n<p><strong>Programme scientifique :<\/strong>&nbsp;C\u00e9lia Bordier, Sabina Avosani, S\u00e9bastien Boquel<br><strong>Recherche de partenaires financiers :&nbsp;<\/strong>S\u00e9bastien Boquel, Jessee Tinslay<br><strong>Tr\u00e9sorerie :&nbsp;<\/strong>Daniel Cormier<br><strong>Logistique :<\/strong>&nbsp;Catherine Pouchet, Laurence Jochems-Tanguay, Enock Omakele, Maxime Lefebvre<br><strong>Publicit\u00e9 :&nbsp;<\/strong>Jessee Tinslay, Laurence Jochems-Tanguay, Maxime Lefebvre<br><strong>Inscriptions et horaire :&nbsp;<\/strong>Sabina Avosani, Charles-\u00c9tienne Ferland<br><strong>Pr\u00e9paration du cahier :&nbsp;<\/strong>Sabina Avosani, Charles-\u00c9tienne Ferland, Julien Saguez, S\u00e9bastien Boquel<br><strong>Webmestre :&nbsp;<\/strong>Julien Saguez<\/p>\n\n\n\n<h2 class=\"wp-block-heading\">Dates et informations importantes:<\/h2>\n\n\n\n<p><strong>Date du congr\u00e8s<\/strong> : 29 et 30 octobre 2026<\/p>\n\n\n\n<p><strong>Limite des inscriptions h\u00e2tives<\/strong> : 18 septembre 2026<\/p>\n\n\n\n<p><strong>Limite pour soumission d\u2019un r\u00e9sum\u00e9 (pr\u00e9sentations orales et affiches virtuelles)<\/strong> : 18 septembre 2026<\/p>\n\n\n\n<p><strong>Limite des inscriptions en ligne<\/strong> : 15 octobre 2026<\/p>\n\n\n\n<h3 class=\"wp-block-heading\">Site web<\/h3>\n\n\n\n<p><a href=\"https:\/\/event.fourwaves.com\/fr\/seq2026\/pages\" target=\"_blank\" rel=\"noreferrer noopener\">https:\/\/event.fourwaves.com\/fr\/seq2026\/pages<\/a><\/p>\n\n\n\n<p><\/p>","protected":false},"excerpt":{"rendered":"<p>Observer le petit. Accomplir le grand. \u00c0 travers les travaux de ses membres, la SEQ transforme des d\u00e9couvertes scientifiques fondamentales en solutions concr\u00e8tes applicables sur le terrain. Cette \u00e9dition mettra en lumi\u00e8re une dynamique d\u2019innovation o\u00f9 chaque d\u00e9couverte contribue \u00e0 l\u2019\u00e9volution de la lutte antiparasitaire, de l\u2019agronomie, de la foresterie et de la conservation de [&hellip;]<\/p>","protected":false},"author":1,"featured_media":0,"parent":0,"menu_order":0,"comment_status":"closed","ping_status":"closed","template":"","meta":{"pmpro_default_level":"","_uag_custom_page_level_css":"","footnotes":""},"class_list":["post-14669","page","type-page","status-publish","hentry","pmpro-has-access"],"uagb_featured_image_src":{"full":false,"thumbnail":false,"medium":false,"medium_large":false,"large":false,"1536x1536":false,"2048x2048":false,"trp-custom-language-flag":false,"featured-image-medium":false,"featured-img-medium":false},"uagb_author_info":{"display_name":"Soci\u00e9t\u00e9 d'entomologie du Qu\u00e9bec","author_link":"https:\/\/seq.ca\/en\/author\/webmestreseq\/"},"uagb_comment_info":0,"uagb_excerpt":"Observer le petit. Accomplir le grand. \u00c0 travers les travaux de ses membres, la SEQ transforme des d\u00e9couvertes scientifiques fondamentales en solutions concr\u00e8tes applicables sur le terrain. Cette \u00e9dition mettra en lumi\u00e8re une dynamique d\u2019innovation o\u00f9 chaque d\u00e9couverte contribue \u00e0 l\u2019\u00e9volution de la lutte antiparasitaire, de l\u2019agronomie, de la foresterie et de la conservation de&hellip;","_links":{"self":[{"href":"https:\/\/seq.ca\/en\/wp-json\/wp\/v2\/pages\/14669","targetHints":{"allow":["GET"]}}],"collection":[{"href":"https:\/\/seq.ca\/en\/wp-json\/wp\/v2\/pages"}],"about":[{"href":"https:\/\/seq.ca\/en\/wp-json\/wp\/v2\/types\/page"}],"author":[{"embeddable":true,"href":"https:\/\/seq.ca\/en\/wp-json\/wp\/v2\/users\/1"}],"replies":[{"embeddable":true,"href":"https:\/\/seq.ca\/en\/wp-json\/wp\/v2\/comments?post=14669"}],"version-history":[{"count":1,"href":"https:\/\/seq.ca\/en\/wp-json\/wp\/v2\/pages\/14669\/revisions"}],"predecessor-version":[{"id":14671,"href":"https:\/\/seq.ca\/en\/wp-json\/wp\/v2\/pages\/14669\/revisions\/14671"}],"wp:attachment":[{"href":"https:\/\/seq.ca\/en\/wp-json\/wp\/v2\/media?parent=14669"}],"curies":[{"name":"wp","href":"https:\/\/api.w.org\/{rel}","templated":true}]}}