{"id":2758,"date":"2019-01-31T23:08:44","date_gmt":"2019-02-01T04:08:44","guid":{"rendered":"https:\/\/seq.ca?page_id=2758"},"modified":"2022-09-07T17:30:19","modified_gmt":"2022-09-07T21:30:19","slug":"antennae-public","status":"publish","type":"page","link":"https:\/\/seq.ca\/en\/antennae\/antennae-public\/","title":{"rendered":"Bulletin Antennae de la Soci\u00e9t\u00e9 d&rsquo;entomologie du Qu\u00e9bec &#8211; Section publique"},"content":{"rendered":"<p>La section Public vise \u00e0 promouvoir la diffusion des connaissances en entomologie en rendant les num\u00e9ros d\u2019<em>Antennae disponibles \u00e0 tous. Ainsi, les bulletins de plus d\u2019un an sont disponibles gratuitement \u00e0 travers le portail num\u00e9rique de la <\/em>BAnQ (Biblioth\u00e8que et Archives nationales du Qu\u00e9bec)<em>.<\/em><\/p>\n\n\n\n<h6 class=\"wp-block-heading\"><strong><span style=\"text-decoration: underline;\"><a rel=\"noreferrer noopener\" href=\"https:\/\/numerique.banq.qc.ca\/patrimoine\/details\/52327\/4076265?docref=TEiab64fMpW5u48kkes0xg\" target=\"_blank\">Archives <em>Antennae<\/em><\/a><\/span><\/strong> <strong>(tous les num\u00e9ros de plus d&rsquo;un an)<\/strong><\/h6>\n\n\n\n<p><\/p>\n\n\n\n<h3 class=\"wp-block-heading\">Volume 26 num\u00e9ro 3 \u2013 Automne 2019<\/h3>\n\n\n<a href=\"https:\/\/seq.ca\/wp-content\/uploads\/2020\/04\/Volume-26-No.3-Automne-2019.pdf\" class=\"pdfemb-viewer\" style=\"\" data-width=\"max\" data-height=\"max\" data-toolbar=\"bottom\" data-toolbar-fixed=\"off\">Volume-26-No.3-Automne-2019<\/a>\n<p class=\"wp-block-pdfemb-pdf-embedder-viewer\"><\/p>\n\n\n\n<p><\/p>","protected":false},"excerpt":{"rendered":"<p>La section Public vise \u00e0 promouvoir la diffusion des connaissances en entomologie en rendant les num\u00e9ros d\u2019Antennae disponibles \u00e0 tous. Ainsi, les bulletins de plus d\u2019un an sont disponibles gratuitement \u00e0 travers le portail num\u00e9rique de la BAnQ (Biblioth\u00e8que et Archives nationales du Qu\u00e9bec). Archives Antennae (tous les num\u00e9ros de plus d&rsquo;un an) Volume 26 [&hellip;]<\/p>","protected":false},"author":1,"featured_media":0,"parent":34,"menu_order":1,"comment_status":"closed","ping_status":"closed","template":"","meta":{"pmpro_default_level":"","_uag_custom_page_level_css":"","footnotes":""},"class_list":["post-2758","page","type-page","status-publish","hentry","pmpro-has-access"],"uagb_featured_image_src":{"full":false,"thumbnail":false,"medium":false,"medium_large":false,"large":false,"1536x1536":false,"2048x2048":false,"trp-custom-language-flag":false,"featured-image-medium":false,"featured-img-medium":false},"uagb_author_info":{"display_name":"Soci\u00e9t\u00e9 d'entomologie du Qu\u00e9bec","author_link":"https:\/\/seq.ca\/en\/author\/webmestreseq\/"},"uagb_comment_info":0,"uagb_excerpt":"La section Public vise \u00e0 promouvoir la diffusion des connaissances en entomologie en rendant les num\u00e9ros d\u2019Antennae disponibles \u00e0 tous. Ainsi, les bulletins de plus d\u2019un an sont disponibles gratuitement \u00e0 travers le portail num\u00e9rique de la BAnQ (Biblioth\u00e8que et Archives nationales du Qu\u00e9bec). Archives Antennae (tous les num\u00e9ros de plus d&rsquo;un an) Volume 26&hellip;","_links":{"self":[{"href":"https:\/\/seq.ca\/en\/wp-json\/wp\/v2\/pages\/2758","targetHints":{"allow":["GET"]}}],"collection":[{"href":"https:\/\/seq.ca\/en\/wp-json\/wp\/v2\/pages"}],"about":[{"href":"https:\/\/seq.ca\/en\/wp-json\/wp\/v2\/types\/page"}],"author":[{"embeddable":true,"href":"https:\/\/seq.ca\/en\/wp-json\/wp\/v2\/users\/1"}],"replies":[{"embeddable":true,"href":"https:\/\/seq.ca\/en\/wp-json\/wp\/v2\/comments?post=2758"}],"version-history":[{"count":0,"href":"https:\/\/seq.ca\/en\/wp-json\/wp\/v2\/pages\/2758\/revisions"}],"up":[{"embeddable":true,"href":"https:\/\/seq.ca\/en\/wp-json\/wp\/v2\/pages\/34"}],"wp:attachment":[{"href":"https:\/\/seq.ca\/en\/wp-json\/wp\/v2\/media?parent=2758"}],"curies":[{"name":"wp","href":"https:\/\/api.w.org\/{rel}","templated":true}]}}