{"id":2925,"date":"2019-04-23T19:46:03","date_gmt":"2019-04-23T23:46:03","guid":{"rendered":"https:\/\/seq.ca\/?page_id=2925"},"modified":"2022-09-07T17:53:06","modified_gmt":"2022-09-07T21:53:06","slug":"espace-membre","status":"publish","type":"page","link":"https:\/\/seq.ca\/en\/espace-membre\/","title":{"rendered":"Espace membre de la Soci\u00e9t\u00e9 d&rsquo;entomologie du Qu\u00e9bec"},"content":{"rendered":"<ul class=\"wp-block-list\"><li>Bottin des membres &#8211; Septembre 2017 (.pdf)&nbsp;&nbsp;<a href=\"http:\/\/seq.qc.ca\/membres\/securisee\/Bottin%20complet%20SEQ%2015sept2017.pdf\" target=\"_blank\" rel=\"noreferrer noopener\">&gt;&gt;&gt;<\/a><\/li><li>Proc\u00e8s-verbal de la 142e assembl\u00e9e g\u00e9n\u00e9rale annuelle des membres 2015 (.pdf 300ko)&nbsp;<a href=\"http:\/\/seq.qc.ca\/membres\/securisee\/PV_AGA_2015.pdf\" target=\"_blank\" rel=\"noreferrer noopener\">&gt;&gt;&gt;<\/a><br><br><\/li><li>Archives des&nbsp;<em>Antennae&nbsp;<\/em>en format pdf (depuis 2004)&nbsp;<a href=\"http:\/\/seq.qc.ca\/membres\/securisee\/archives_antennaeX.asp\">&gt;&gt;&gt;<\/a><\/li><li>Constitution de la Soci\u00e9t\u00e9 (11-2016) (.pdf 100ko) &nbsp;<a href=\"http:\/\/seq.qc.ca\/membres\/securisee\/Constitution_Nov2016.pdf\" target=\"_blank\" rel=\"noreferrer noopener\">&gt;&gt;&gt;<\/a><\/li><li>Fiche d&rsquo;\u00e9valuation du prix Melville-Duporte (.pdf 60ko)&nbsp;<a href=\"http:\/\/seq.qc.ca\/membres\/securisee\/Melville-Duporte-Grille-evaluation.pdf\" target=\"_blank\" rel=\"noreferrer noopener\">&gt;&gt;&gt;<\/a><\/li><\/ul>","protected":false},"excerpt":{"rendered":"<p>Bottin des membres &#8211; Septembre 2017 (.pdf)&nbsp;&nbsp;&gt;&gt;&gt; Proc\u00e8s-verbal de la 142e assembl\u00e9e g\u00e9n\u00e9rale annuelle des membres 2015 (.pdf 300ko)&nbsp;&gt;&gt;&gt; Archives des&nbsp;Antennae&nbsp;en format pdf (depuis 2004)&nbsp;&gt;&gt;&gt; Constitution de la Soci\u00e9t\u00e9 (11-2016) (.pdf 100ko) &nbsp;&gt;&gt;&gt; Fiche d&rsquo;\u00e9valuation du prix Melville-Duporte (.pdf 60ko)&nbsp;&gt;&gt;&gt;<\/p>","protected":false},"author":1,"featured_media":0,"parent":0,"menu_order":0,"comment_status":"closed","ping_status":"closed","template":"","meta":{"pmpro_default_level":"","_uag_custom_page_level_css":"","footnotes":""},"class_list":["post-2925","page","type-page","status-publish","hentry","pmpro-has-access"],"uagb_featured_image_src":{"full":false,"thumbnail":false,"medium":false,"medium_large":false,"large":false,"1536x1536":false,"2048x2048":false,"trp-custom-language-flag":false,"featured-image-medium":false,"featured-img-medium":false},"uagb_author_info":{"display_name":"Soci\u00e9t\u00e9 d'entomologie du Qu\u00e9bec","author_link":"https:\/\/seq.ca\/en\/author\/webmestreseq\/"},"uagb_comment_info":0,"uagb_excerpt":"Bottin des membres &#8211; Septembre 2017 (.pdf)&nbsp;&nbsp;&gt;&gt;&gt; Proc\u00e8s-verbal de la 142e assembl\u00e9e g\u00e9n\u00e9rale annuelle des membres 2015 (.pdf 300ko)&nbsp;&gt;&gt;&gt; Archives des&nbsp;Antennae&nbsp;en format pdf (depuis 2004)&nbsp;&gt;&gt;&gt; Constitution de la Soci\u00e9t\u00e9 (11-2016) (.pdf 100ko) &nbsp;&gt;&gt;&gt; Fiche d&rsquo;\u00e9valuation du prix Melville-Duporte (.pdf 60ko)&nbsp;&gt;&gt;&gt;","_links":{"self":[{"href":"https:\/\/seq.ca\/en\/wp-json\/wp\/v2\/pages\/2925","targetHints":{"allow":["GET"]}}],"collection":[{"href":"https:\/\/seq.ca\/en\/wp-json\/wp\/v2\/pages"}],"about":[{"href":"https:\/\/seq.ca\/en\/wp-json\/wp\/v2\/types\/page"}],"author":[{"embeddable":true,"href":"https:\/\/seq.ca\/en\/wp-json\/wp\/v2\/users\/1"}],"replies":[{"embeddable":true,"href":"https:\/\/seq.ca\/en\/wp-json\/wp\/v2\/comments?post=2925"}],"version-history":[{"count":0,"href":"https:\/\/seq.ca\/en\/wp-json\/wp\/v2\/pages\/2925\/revisions"}],"wp:attachment":[{"href":"https:\/\/seq.ca\/en\/wp-json\/wp\/v2\/media?parent=2925"}],"curies":[{"name":"wp","href":"https:\/\/api.w.org\/{rel}","templated":true}]}}