{"id":2928,"date":"2019-04-23T19:55:33","date_gmt":"2019-04-23T23:55:33","guid":{"rendered":"https:\/\/seq.ca\/?page_id=2928"},"modified":"2022-09-07T17:52:37","modified_gmt":"2022-09-07T21:52:37","slug":"espace-ca","status":"publish","type":"page","link":"https:\/\/seq.ca\/en\/espace-ca\/","title":{"rendered":"Espace CA de la Soci\u00e9t\u00e9 d&rsquo;entomologie du Qu\u00e9bec"},"content":{"rendered":"<ul class=\"wp-block-list\"><li><a href=\"http:\/\/seq.qc.ca\/membres\/securisee\/ca\/DESCRIPTION%20DES%20POSTES%20DU%20CA_avr2015.doc\">Description des postes<\/a><a href=\"http:\/\/seq.qc.ca\/membres\/securisee\/ca\/DESCRIPTION%20DES%20POSTES%20DU%20CA_avr2015.doc\" target=\"_blank\" rel=\"noreferrer noopener\">&nbsp;du CA<\/a>&nbsp;(.doc, avril 2015)<\/li><li><a href=\"http:\/\/seq.qc.ca\/membres\/securisee\/ca\/aide_memoireX.asp\">Aide-m\u00e9moire du CA<\/a><\/li><li><a href=\"http:\/\/seq.qc.ca\/membres\/securisee\/ca\/documents_diversX.asp\">Documents divers<\/a><\/li><li><a href=\"http:\/\/seq.qc.ca\/membres\/securisee\/ca\/CA%20et%20comites%202016-2017.docx\" target=\"_blank\" rel=\"noreferrer noopener\">CA &amp; Comit\u00e9s<\/a>&nbsp;(.docx, nov 2016)<\/li><li><a href=\"http:\/\/seq.qc.ca\/membres\/securisee\/ca\/Coordonnees_CA-SEQ_2016-2017.docx\" target=\"_blank\" rel=\"noreferrer noopener\">Coordonn\u00e9es compl\u00e8tes des membres du CA&nbsp;<\/a>(.docx, nov. 2016)<\/li><li><a href=\"http:\/\/seq.qc.ca\/membres\/securisee\/ca\/courriels_SEQ.asp\">Gestion des adresse @seq.qc.ca<\/a><\/li><li><a href=\"http:\/\/seq.qc.ca\/membres\/securisee\/ca\/annonces_conferences.asp\">Formulaire d&rsquo;annonce d&rsquo;activit\u00e9s<\/a><\/li><li><a href=\"http:\/\/seq.qc.ca\/membres\/securisee\/ca\/logo_seq.asp\">Logo de la SEQ<\/a><\/li><\/ul>","protected":false},"excerpt":{"rendered":"<p>Description des postes&nbsp;du CA&nbsp;(.doc, avril 2015) Aide-m\u00e9moire du CA Documents divers CA &amp; Comit\u00e9s&nbsp;(.docx, nov 2016) Coordonn\u00e9es compl\u00e8tes des membres du CA&nbsp;(.docx, nov. 2016) Gestion des adresse @seq.qc.ca Formulaire d&rsquo;annonce d&rsquo;activit\u00e9s Logo de la SEQ<\/p>","protected":false},"author":1,"featured_media":0,"parent":0,"menu_order":0,"comment_status":"closed","ping_status":"closed","template":"","meta":{"pmpro_default_level":"","_uag_custom_page_level_css":"","footnotes":""},"class_list":["post-2928","page","type-page","status-publish","hentry","pmpro-has-access"],"uagb_featured_image_src":{"full":false,"thumbnail":false,"medium":false,"medium_large":false,"large":false,"1536x1536":false,"2048x2048":false,"trp-custom-language-flag":false,"featured-image-medium":false,"featured-img-medium":false},"uagb_author_info":{"display_name":"Soci\u00e9t\u00e9 d'entomologie du Qu\u00e9bec","author_link":"https:\/\/seq.ca\/en\/author\/webmestreseq\/"},"uagb_comment_info":0,"uagb_excerpt":"Description des postes&nbsp;du CA&nbsp;(.doc, avril 2015) Aide-m\u00e9moire du CA Documents divers CA &amp; Comit\u00e9s&nbsp;(.docx, nov 2016) Coordonn\u00e9es compl\u00e8tes des membres du CA&nbsp;(.docx, nov. 2016) Gestion des adresse @seq.qc.ca Formulaire d&rsquo;annonce d&rsquo;activit\u00e9s Logo de la SEQ","_links":{"self":[{"href":"https:\/\/seq.ca\/en\/wp-json\/wp\/v2\/pages\/2928","targetHints":{"allow":["GET"]}}],"collection":[{"href":"https:\/\/seq.ca\/en\/wp-json\/wp\/v2\/pages"}],"about":[{"href":"https:\/\/seq.ca\/en\/wp-json\/wp\/v2\/types\/page"}],"author":[{"embeddable":true,"href":"https:\/\/seq.ca\/en\/wp-json\/wp\/v2\/users\/1"}],"replies":[{"embeddable":true,"href":"https:\/\/seq.ca\/en\/wp-json\/wp\/v2\/comments?post=2928"}],"version-history":[{"count":0,"href":"https:\/\/seq.ca\/en\/wp-json\/wp\/v2\/pages\/2928\/revisions"}],"wp:attachment":[{"href":"https:\/\/seq.ca\/en\/wp-json\/wp\/v2\/media?parent=2928"}],"curies":[{"name":"wp","href":"https:\/\/api.w.org\/{rel}","templated":true}]}}