{"id":2997,"date":"2019-05-12T19:09:01","date_gmt":"2019-05-12T23:09:01","guid":{"rendered":"https:\/\/seq.ca\/?page_id=2997"},"modified":"2022-09-08T08:56:02","modified_gmt":"2022-09-08T12:56:02","slug":"inscription-2017","status":"publish","type":"page","link":"https:\/\/seq.ca\/en\/reunion-annuelles\/reunion-annuelle-2017\/inscription-2017\/","title":{"rendered":"Inscription 2017"},"content":{"rendered":"<h2 class=\"wp-block-heading\" style=\"text-align:center\">Inscription<\/h2>\n\n\n\n<p> Les frais d\u2019inscription indiqu\u00e9s ci-dessous incluent le cahier de  conf\u00e9rences, les pauses (23 et 24 nov.), le d\u00eener, le cocktail et le  banquet du 23 novembre. Pour les inscriptions pour le symposium  seulement, les frais d\u2019inscription incluent le cahier de conf\u00e9rence et  la pause du 24 novembre.<\/p>\n\n\n\n<table class=\"wp-block-table\"><tbody><tr><td>&nbsp;<\/td><td>Jusqu&rsquo;au 20 oct.<\/td><td>Apr\u00e8s le 20 oct.*<\/td><\/tr><tr><td>Membre r\u00e9gulier<\/td><td>200$<\/td><td>250$<\/td><\/tr><tr><td>Membre \u00e9tudiant\/retrait\u00e9<\/td><td>100$<\/td><td>125$<\/td><\/tr><tr><td>Non membre<\/td><td>260$<\/td><td>320$<\/td><\/tr><tr><td>Symposium seulement<\/td><td>80$<\/td><td>80$<\/td><\/tr><tr><td>Banquet seulement<\/td><td>75$<\/td><td>95$<\/td><\/tr><tr><td>&nbsp;<\/td><td>&nbsp;<\/td><td>&nbsp;<\/td><\/tr><\/tbody><\/table>\n\n\n\n<p>\n\t\t\n\t\t* La date limite pour les inscriptions en ligne est le 17 novembre \n2017. Au-del\u00e0 de cette date, il sera possible de s\u2019inscrire uniquement \nsur place, le jour de l\u2019\u00e9v\u00e9nement (paiement par ch\u00e8que ou comptant).<br><br>La date limite pour la soumission des r\u00e9sum\u00e9s est le 20 octobre.<br><br><strong>Politique d\u2019annulation <br><\/strong>Les frais d\u2019inscription \nseront rembours\u00e9s en totalit\u00e9, moins les frais d\u2019administration de \nPaypal, pour toute annulation plus de 30 jours avant l\u2019\u00e9v\u00e8nement. Pour \nune annulation jusqu\u2019\u00e0 7 jours avant l\u2019\u00e9v\u00e8nement, les frais \nd\u2019inscription seront rembours\u00e9s \u00e0 50%. Au-del\u00e0 de cette date, il n\u2019y \naura aucun remboursement.\n\n\t\t<\/p>\n\n\n\n<p><a href=\"http:\/\/seq.qc.ca\/activites\/reunions\/seq2017\/form_inscription.asp\"><strong>Formulaire d&rsquo;inscription<\/strong><\/a> (date limite \n\t\tle 17 novembre)<\/p>\n\n\n\n<p><a href=\"http:\/\/seq.qc.ca\/activites\/reunions\/seq2017\/form_resume.asp\"><strong>Formulaire de soumission de r\u00e9sum\u00e9<\/strong><\/a> (date limite le 20 octobre)<\/p>\n\n\n\n<p><a href=\"http:\/\/seq.qc.ca\/activites\/reunions\/seq2017\/paiement.asp\"><strong>Paiement de votre inscriptio<\/strong>n<\/a><\/p>","protected":false},"excerpt":{"rendered":"<p>Inscription Les frais d\u2019inscription indiqu\u00e9s ci-dessous incluent le cahier de conf\u00e9rences, les pauses (23 et 24 nov.), le d\u00eener, le cocktail et le banquet du 23 novembre. Pour les inscriptions pour le symposium seulement, les frais d\u2019inscription incluent le cahier de conf\u00e9rence et la pause du 24 novembre. &nbsp; Jusqu&rsquo;au 20 oct. Apr\u00e8s le 20 [&hellip;]<\/p>","protected":false},"author":1,"featured_media":0,"parent":2981,"menu_order":0,"comment_status":"closed","ping_status":"closed","template":"","meta":{"pmpro_default_level":"","_uag_custom_page_level_css":"","footnotes":""},"class_list":["post-2997","page","type-page","status-publish","hentry","pmpro-has-access"],"uagb_featured_image_src":{"full":false,"thumbnail":false,"medium":false,"medium_large":false,"large":false,"1536x1536":false,"2048x2048":false,"trp-custom-language-flag":false,"featured-image-medium":false,"featured-img-medium":false},"uagb_author_info":{"display_name":"Soci\u00e9t\u00e9 d'entomologie du Qu\u00e9bec","author_link":"https:\/\/seq.ca\/en\/author\/webmestreseq\/"},"uagb_comment_info":0,"uagb_excerpt":"Inscription Les frais d\u2019inscription indiqu\u00e9s ci-dessous incluent le cahier de conf\u00e9rences, les pauses (23 et 24 nov.), le d\u00eener, le cocktail et le banquet du 23 novembre. Pour les inscriptions pour le symposium seulement, les frais d\u2019inscription incluent le cahier de conf\u00e9rence et la pause du 24 novembre. &nbsp; Jusqu&rsquo;au 20 oct. Apr\u00e8s le 20&hellip;","_links":{"self":[{"href":"https:\/\/seq.ca\/en\/wp-json\/wp\/v2\/pages\/2997","targetHints":{"allow":["GET"]}}],"collection":[{"href":"https:\/\/seq.ca\/en\/wp-json\/wp\/v2\/pages"}],"about":[{"href":"https:\/\/seq.ca\/en\/wp-json\/wp\/v2\/types\/page"}],"author":[{"embeddable":true,"href":"https:\/\/seq.ca\/en\/wp-json\/wp\/v2\/users\/1"}],"replies":[{"embeddable":true,"href":"https:\/\/seq.ca\/en\/wp-json\/wp\/v2\/comments?post=2997"}],"version-history":[{"count":0,"href":"https:\/\/seq.ca\/en\/wp-json\/wp\/v2\/pages\/2997\/revisions"}],"up":[{"embeddable":true,"href":"https:\/\/seq.ca\/en\/wp-json\/wp\/v2\/pages\/2981"}],"wp:attachment":[{"href":"https:\/\/seq.ca\/en\/wp-json\/wp\/v2\/media?parent=2997"}],"curies":[{"name":"wp","href":"https:\/\/api.w.org\/{rel}","templated":true}]}}