{"id":3003,"date":"2019-05-12T19:11:29","date_gmt":"2019-05-12T23:11:29","guid":{"rendered":"https:\/\/seq.ca\/?page_id=3003"},"modified":"2022-09-07T17:46:11","modified_gmt":"2022-09-07T21:46:11","slug":"concours-photo-2017","status":"publish","type":"page","link":"https:\/\/seq.ca\/en\/reunion-annuelles\/reunion-annuelle-2017\/concours-photo-2017\/","title":{"rendered":"Concours photo des arthropodes terrestres de la SEQ &#8211; 2017"},"content":{"rendered":"<h2 class=\"wp-block-heading\" style=\"text-align:center\">Concours Photo 2017<\/h2>\n\n\n\n<p>\nLes photos mettant en vedette tous les arthropodes (insectes, acariens, \nopilions,araign\u00e9es, millip\u00e8des, centip\u00e8des\u2026) sont accept\u00e9es.\nSeuls les membres de la SEQ peuvent participer au concours et soumettre \nun maximum de 3 photographies.\n\n\t\t<\/p>\n\n\n\n<p>Chaque photo haute r\u00e9solution (minimum 1500&#215;1800 pixels) doit \n\u00eatre soumise, accompagn\u00e9e d\u2019un titre (obligatoire) et d\u2019une courte mise \nen contexte (optionnelle; 2 ou 3 phrases), au plus tard le 30 septembre \n2017 \u00e0 l\u2019adresse suivante : \n\t\t<a href=\"mailto:amelie.gervais.3@ulaval.ca\">amelie.gervais.3@ulaval.ca<\/a>.\n\t\t<\/p>\n\n\n\n<p>La version imprim\u00e9e des photos soumises n\u2019est pas requise. \nPour toutes questions, n\u2019h\u00e9sitez pas \u00e0 communiquer par courriel avec \nAm\u00e9lie Gervais. Les photographies seront affich\u00e9es lors du congr\u00e8s 2017 \net un vote populaire m\u00e8nera \u00e0 l\u2019\u00e9lection des laur\u00e9ats. Les photos \ngagnantes seront utilis\u00e9es sur la couverture de la revue Antennae. En \nparticipant au concours, vous donnez donc la permission d\u2019utiliser votre\n photo sur le site web de la SEQ, sur la page Facebook ainsi que dans \nAntennae. L\u2019organisateur du concours se r\u00e9serve le droit d\u2019\u00e9liminer \ntoute photo jug\u00e9e hors contexte.\n\t\n\t\t\n\n<\/p>","protected":false},"excerpt":{"rendered":"<p>Concours Photo 2017 Les photos mettant en vedette tous les arthropodes (insectes, acariens, opilions,araign\u00e9es, millip\u00e8des, centip\u00e8des\u2026) sont accept\u00e9es. Seuls les membres de la SEQ peuvent participer au concours et soumettre un maximum de 3 photographies. Chaque photo haute r\u00e9solution (minimum 1500&#215;1800 pixels) doit \u00eatre soumise, accompagn\u00e9e d\u2019un titre (obligatoire) et d\u2019une courte mise en contexte [&hellip;]<\/p>","protected":false},"author":1,"featured_media":0,"parent":2981,"menu_order":0,"comment_status":"closed","ping_status":"closed","template":"","meta":{"pmpro_default_level":"","_uag_custom_page_level_css":"","footnotes":""},"class_list":["post-3003","page","type-page","status-publish","hentry","pmpro-has-access"],"uagb_featured_image_src":{"full":false,"thumbnail":false,"medium":false,"medium_large":false,"large":false,"1536x1536":false,"2048x2048":false,"trp-custom-language-flag":false,"featured-image-medium":false,"featured-img-medium":false},"uagb_author_info":{"display_name":"Soci\u00e9t\u00e9 d'entomologie du Qu\u00e9bec","author_link":"https:\/\/seq.ca\/en\/author\/webmestreseq\/"},"uagb_comment_info":0,"uagb_excerpt":"Concours Photo 2017 Les photos mettant en vedette tous les arthropodes (insectes, acariens, opilions,araign\u00e9es, millip\u00e8des, centip\u00e8des\u2026) sont accept\u00e9es. Seuls les membres de la SEQ peuvent participer au concours et soumettre un maximum de 3 photographies. Chaque photo haute r\u00e9solution (minimum 1500&#215;1800 pixels) doit \u00eatre soumise, accompagn\u00e9e d\u2019un titre (obligatoire) et d\u2019une courte mise en contexte&hellip;","_links":{"self":[{"href":"https:\/\/seq.ca\/en\/wp-json\/wp\/v2\/pages\/3003","targetHints":{"allow":["GET"]}}],"collection":[{"href":"https:\/\/seq.ca\/en\/wp-json\/wp\/v2\/pages"}],"about":[{"href":"https:\/\/seq.ca\/en\/wp-json\/wp\/v2\/types\/page"}],"author":[{"embeddable":true,"href":"https:\/\/seq.ca\/en\/wp-json\/wp\/v2\/users\/1"}],"replies":[{"embeddable":true,"href":"https:\/\/seq.ca\/en\/wp-json\/wp\/v2\/comments?post=3003"}],"version-history":[{"count":0,"href":"https:\/\/seq.ca\/en\/wp-json\/wp\/v2\/pages\/3003\/revisions"}],"up":[{"embeddable":true,"href":"https:\/\/seq.ca\/en\/wp-json\/wp\/v2\/pages\/2981"}],"wp:attachment":[{"href":"https:\/\/seq.ca\/en\/wp-json\/wp\/v2\/media?parent=3003"}],"curies":[{"name":"wp","href":"https:\/\/api.w.org\/{rel}","templated":true}]}}