{"id":3005,"date":"2019-05-12T19:12:39","date_gmt":"2019-05-12T23:12:39","guid":{"rendered":"https:\/\/seq.ca\/?page_id=3005"},"modified":"2022-09-07T17:41:27","modified_gmt":"2022-09-07T21:41:27","slug":"concours-180-secondes-dentomologie-2017","status":"publish","type":"page","link":"https:\/\/seq.ca\/en\/reunion-annuelles\/reunion-annuelle-2017\/concours-180-secondes-dentomologie-2017\/","title":{"rendered":"Concours 180 secondes d&rsquo;entomologie 2017"},"content":{"rendered":"<h2 class=\"wp-block-heading\" style=\"text-align:center\">Concours 180 secondes d&rsquo;entomologie<\/h2>\n\n\n\n<p>\nActivit\u00e9 \u00e9tudiante lors du prochain congr\u00e8s SEQ\n \n<\/p>\n\n\n\n<p><strong>Description<\/strong><br>Pour la premi\u00e8re fois en 2017, \nla SEQ pr\u00e9sente son concours 180 secondes d\u2019entomologie. Vous devez \u00eatre\n \u00e9tudiant \u00e0 l\u2019universit\u00e9 et pr\u00e9senter une version vulgaris\u00e9e de votre \nprojet de recherche dans un d\u00e9lai de 3 minutes (180 sec.)  sous forme de\n vid\u00e9o. La vid\u00e9o doit \u00eatre vulgaris\u00e9e pour un grand public. Les \nobjectifs du concours sont de 1) promouvoir la vulgarisation d\u2019un projet\n scientifique traitant d\u2019entomologie, 2) encourager les \u00e9tudiants en \nentomologie par la remise d\u2019une bourse en argent.\n \n\t\t<\/p>\n\n\n\n<p><strong>Eligibility <br><\/strong>Pour \u00eatre admissible, l\u2019\u00e9tudiant doit :\n\t\t<\/p>\n\n\n\n<ul class=\"wp-block-list\"><li>\u00eatre inscrit dans un programme de deuxi\u00e8me ou troisi\u00e8me cycle dans une universit\u00e9 qu\u00e9b\u00e9coise<\/li><li>avoir un projet en lien avec l\u2019entomologie<\/li><li>\u00eatre membre de la SEQ<\/li><\/ul>\n\n\n\n<p><strong>Consignes <br><\/strong>Les candidats int\u00e9ress\u00e9s \ndoivent fournir une preuve d&rsquo;inscription \u00e0 une universit\u00e9 qu\u00e9b\u00e9coise et \nsoumettre les informations suivantes:<br><\/p>\n\n\n\n<ul class=\"wp-block-list\"><li>Pr\u00e9nom et Nom<\/li><li>Nom du directeur de recherche <\/li><li>fichier contenant le vid\u00e9o de 180 secondes (format .AVI, .MOV ou .WMV)<\/li><\/ul>\n\n\n\n<p>Les candidats doivent \u00e9galement \u00eatre membres de la Soci\u00e9t\u00e9 au moment de leur inscription.\nLes informations ainsi que le vid\u00e9o devront \u00eatre envoy\u00e9s \u00e0 l\u2019adresse suivante : \n\t\t<a href=\"mailto:amelie.gervais.3@ulaval.ca\">amelie.gervais.3@ulaval.ca<\/a><\/p>\n\n\n\n<p><strong>Dates limites <br><\/strong>La date limite pour envoyer votre vid\u00e9o est le \n\t\t10 octobre 2017.\n \n \n\t\t<strong><br><br><br>Evaluation criteria <br><\/strong>Les vid\u00e9os \nseront \u00e9valu\u00e9s par un comit\u00e9 de chercheurs et\/ou professionnels et par \nle public pr\u00e9sent au congr\u00e8s. Le vote du public sera comptabilis\u00e9 au \ncongr\u00e8s. Les \u00e9valuateurs noteront les vid\u00e9os selon les crit\u00e8res suivants\n :\n\t\t<\/p>\n\n\n\n<ul class=\"wp-block-list\"><li>Sujet (la qualit\u00e9 scientifique du sujet) (30%)\n\t\t<\/li><li>La vulgarisation du sujet (le sujet doit \u00eatre compris \n\t\tpar un grand public) (35%)\n\t\t<\/li><li>L\u2019esth\u00e9tique de vid\u00e9os (qualit\u00e9 du montage, qualit\u00e9 du son, qualit\u00e9 des images utilis\u00e9es) (10%)\n\t\t<\/li><\/ul>\n\n\n\n<p>25% de la note totale sera accord\u00e9e par le vote du public pr\u00e9sent au congr\u00e8s.\n\t\t\n\t\t<\/p>\n\n\n\n<p><strong>Conditions et remarques <br><\/strong>Les vid\u00e9os seront\n pr\u00e9sent\u00e9es lors du congr\u00e8s annuel et pourront \u00eatre diffus\u00e9es par la \nsuite sur le site web et la page Facebook de la Soci\u00e9t\u00e9.\n\t\t\n\n<\/p>","protected":false},"excerpt":{"rendered":"<p>Concours 180 secondes d&rsquo;entomologie Activit\u00e9 \u00e9tudiante lors du prochain congr\u00e8s SEQ DescriptionPour la premi\u00e8re fois en 2017, la SEQ pr\u00e9sente son concours 180 secondes d\u2019entomologie. Vous devez \u00eatre \u00e9tudiant \u00e0 l\u2019universit\u00e9 et pr\u00e9senter une version vulgaris\u00e9e de votre projet de recherche dans un d\u00e9lai de 3 minutes (180 sec.) sous forme de vid\u00e9o. La vid\u00e9o [&hellip;]<\/p>","protected":false},"author":1,"featured_media":0,"parent":2981,"menu_order":0,"comment_status":"closed","ping_status":"closed","template":"","meta":{"pmpro_default_level":"","_uag_custom_page_level_css":"","footnotes":""},"class_list":["post-3005","page","type-page","status-publish","hentry","pmpro-has-access"],"uagb_featured_image_src":{"full":false,"thumbnail":false,"medium":false,"medium_large":false,"large":false,"1536x1536":false,"2048x2048":false,"trp-custom-language-flag":false,"featured-image-medium":false,"featured-img-medium":false},"uagb_author_info":{"display_name":"Soci\u00e9t\u00e9 d'entomologie du Qu\u00e9bec","author_link":"https:\/\/seq.ca\/en\/author\/webmestreseq\/"},"uagb_comment_info":0,"uagb_excerpt":"Concours 180 secondes d&rsquo;entomologie Activit\u00e9 \u00e9tudiante lors du prochain congr\u00e8s SEQ DescriptionPour la premi\u00e8re fois en 2017, la SEQ pr\u00e9sente son concours 180 secondes d\u2019entomologie. Vous devez \u00eatre \u00e9tudiant \u00e0 l\u2019universit\u00e9 et pr\u00e9senter une version vulgaris\u00e9e de votre projet de recherche dans un d\u00e9lai de 3 minutes (180 sec.) sous forme de vid\u00e9o. La vid\u00e9o&hellip;","_links":{"self":[{"href":"https:\/\/seq.ca\/en\/wp-json\/wp\/v2\/pages\/3005","targetHints":{"allow":["GET"]}}],"collection":[{"href":"https:\/\/seq.ca\/en\/wp-json\/wp\/v2\/pages"}],"about":[{"href":"https:\/\/seq.ca\/en\/wp-json\/wp\/v2\/types\/page"}],"author":[{"embeddable":true,"href":"https:\/\/seq.ca\/en\/wp-json\/wp\/v2\/users\/1"}],"replies":[{"embeddable":true,"href":"https:\/\/seq.ca\/en\/wp-json\/wp\/v2\/comments?post=3005"}],"version-history":[{"count":0,"href":"https:\/\/seq.ca\/en\/wp-json\/wp\/v2\/pages\/3005\/revisions"}],"up":[{"embeddable":true,"href":"https:\/\/seq.ca\/en\/wp-json\/wp\/v2\/pages\/2981"}],"wp:attachment":[{"href":"https:\/\/seq.ca\/en\/wp-json\/wp\/v2\/media?parent=3005"}],"curies":[{"name":"wp","href":"https:\/\/api.w.org\/{rel}","templated":true}]}}