{"id":3009,"date":"2019-05-12T19:13:49","date_gmt":"2019-05-12T23:13:49","guid":{"rendered":"https:\/\/seq.ca\/?page_id=3009"},"modified":"2022-09-08T08:56:20","modified_gmt":"2022-09-08T12:56:20","slug":"informations-presentations-2017","status":"publish","type":"page","link":"https:\/\/seq.ca\/en\/reunion-annuelles\/reunion-annuelle-2017\/informations-presentations-2017\/","title":{"rendered":"Informations aux pr\u00e9sentateurs 2017"},"content":{"rendered":"<h2 class=\"wp-block-heading\" style=\"text-align:center\">Informations aux pr\u00e9sentateurs<\/h2>\n\n\n\n<p><strong>Soumission d&rsquo;un r\u00e9sum\u00e9<\/strong><br>La priorit\u00e9 sera donn\u00e9e aux \ncommunications orales pour les projets qui en sont \u00e0 un stade avanc\u00e9 \n(c&rsquo;est-\u00e0-dire leur permettant de pr\u00e9senter des r\u00e9sultats). Ainsi, nous \nencourageons ceux et celles qui d\u00e9butent leur projet \u00e0 opter pour une \npr\u00e9sentation sous forme d\u2019affiche. Selon la demande pour les affiches ou\n oraux, le comit\u00e9 organisateur pourrait demander un changement de \nformat.\n\n\t\t<\/p>\n\n\n\n<p><strong>Communications orales <br><\/strong>Les conf\u00e9renciers \ndoivent apporter leur pr\u00e9sentation sur m\u00e9moire flash (cl\u00e9 USB). Le titre\n du fichier de la pr\u00e9sentation doit comporter la premi\u00e8re lettre du \npr\u00e9nom et le nom de famille du conf\u00e9rencier en un seul bloc (ex. \njparizeau). \n\n\t\t<\/p>\n\n\n\n<p>\u00c0 l\u2019arriv\u00e9e sur le site du congr\u00e8s, les conf\u00e9renciers doivent \nse rendre \u00e0 la salle pr\u00e9vue pour leur communication et y remettre leur \npr\u00e9sentation au projectionniste qui se chargera de la transf\u00e9rer sur \nl\u2019ordinateur reli\u00e9 au projecteur. \n\n\t\t<\/p>\n\n\n\n<p>Les communications r\u00e9guli\u00e8res et \u00e9tudiantes seront d\u2019une dur\u00e9e de 15 minutes, incluant la p\u00e9riode de questions. \n\n\t\t<\/p>\n\n\n\n<p>Les communications orales peuvent \u00eatre pr\u00e9sent\u00e9es en fran\u00e7ais \nou en anglais. Le titre et le r\u00e9sum\u00e9 doivent \u00eatre r\u00e9dig\u00e9s dans la langue\n de la pr\u00e9sentation. Par courtoisie envers les unilingues, nous \nsugg\u00e9rons d\u2019\u00e9crire le texte des diapos dans l&rsquo;autre langue.  \n\n \n\n\t\t<\/p>\n\n\n\n<p><strong>Affiches <br><\/strong>Les affiches peuvent \u00eatre \npr\u00e9sent\u00e9es en fran\u00e7ais ou en anglais. Elles ne doivent pas d\u00e9passer 76cm\n (30 po) de large par 127cm (50 po) de haut (format portrait). \n\n\t\t<\/p>\n\n\n\n<p>L\u2019installation devra se faire avant le d\u00eener du 23 novembre. Une personne sera sur place avec le materiel.\n\n\t\t<\/p>\n\n\n\n<p>Les auteurs devront \u00eatre pr\u00e9sents pour expliquer leur affiche \npendant le cocktail. Les affiches devront \u00eatre retir\u00e9es le lendemain \navant 12h.\n\n\t\t\n\t\t\n\n<\/p>","protected":false},"excerpt":{"rendered":"<p>Informations aux pr\u00e9sentateurs Soumission d&rsquo;un r\u00e9sum\u00e9La priorit\u00e9 sera donn\u00e9e aux communications orales pour les projets qui en sont \u00e0 un stade avanc\u00e9 (c&rsquo;est-\u00e0-dire leur permettant de pr\u00e9senter des r\u00e9sultats). Ainsi, nous encourageons ceux et celles qui d\u00e9butent leur projet \u00e0 opter pour une pr\u00e9sentation sous forme d\u2019affiche. Selon la demande pour les affiches ou oraux, [&hellip;]<\/p>","protected":false},"author":1,"featured_media":0,"parent":2981,"menu_order":0,"comment_status":"closed","ping_status":"closed","template":"","meta":{"pmpro_default_level":"","_uag_custom_page_level_css":"","footnotes":""},"class_list":["post-3009","page","type-page","status-publish","hentry","pmpro-has-access"],"uagb_featured_image_src":{"full":false,"thumbnail":false,"medium":false,"medium_large":false,"large":false,"1536x1536":false,"2048x2048":false,"trp-custom-language-flag":false,"featured-image-medium":false,"featured-img-medium":false},"uagb_author_info":{"display_name":"Soci\u00e9t\u00e9 d'entomologie du Qu\u00e9bec","author_link":"https:\/\/seq.ca\/en\/author\/webmestreseq\/"},"uagb_comment_info":0,"uagb_excerpt":"Informations aux pr\u00e9sentateurs Soumission d&rsquo;un r\u00e9sum\u00e9La priorit\u00e9 sera donn\u00e9e aux communications orales pour les projets qui en sont \u00e0 un stade avanc\u00e9 (c&rsquo;est-\u00e0-dire leur permettant de pr\u00e9senter des r\u00e9sultats). Ainsi, nous encourageons ceux et celles qui d\u00e9butent leur projet \u00e0 opter pour une pr\u00e9sentation sous forme d\u2019affiche. Selon la demande pour les affiches ou oraux,&hellip;","_links":{"self":[{"href":"https:\/\/seq.ca\/en\/wp-json\/wp\/v2\/pages\/3009","targetHints":{"allow":["GET"]}}],"collection":[{"href":"https:\/\/seq.ca\/en\/wp-json\/wp\/v2\/pages"}],"about":[{"href":"https:\/\/seq.ca\/en\/wp-json\/wp\/v2\/types\/page"}],"author":[{"embeddable":true,"href":"https:\/\/seq.ca\/en\/wp-json\/wp\/v2\/users\/1"}],"replies":[{"embeddable":true,"href":"https:\/\/seq.ca\/en\/wp-json\/wp\/v2\/comments?post=3009"}],"version-history":[{"count":0,"href":"https:\/\/seq.ca\/en\/wp-json\/wp\/v2\/pages\/3009\/revisions"}],"up":[{"embeddable":true,"href":"https:\/\/seq.ca\/en\/wp-json\/wp\/v2\/pages\/2981"}],"wp:attachment":[{"href":"https:\/\/seq.ca\/en\/wp-json\/wp\/v2\/media?parent=3009"}],"curies":[{"name":"wp","href":"https:\/\/api.w.org\/{rel}","templated":true}]}}