{"id":3333,"date":"2019-06-24T12:51:37","date_gmt":"2019-06-24T16:51:37","guid":{"rendered":"https:\/\/seq.ca\/compte-dadherent\/paiement-dadhesion\/"},"modified":"2019-06-24T12:51:37","modified_gmt":"2019-06-24T16:51:37","slug":"paiement-dadhesion","status":"publish","type":"page","link":"https:\/\/seq.ca\/en\/compte-dadherent\/paiement-dadhesion\/","title":{"rendered":"Paiement d&rsquo;adh\u00e9sion"},"content":{"rendered":"<p>[pmpro_checkout]<\/p>","protected":false},"excerpt":{"rendered":"<p>[pmpro_checkout]<\/p>","protected":false},"author":1,"featured_media":0,"parent":3330,"menu_order":0,"comment_status":"closed","ping_status":"closed","template":"","meta":{"pmpro_default_level":"","_uag_custom_page_level_css":"","footnotes":""},"class_list":["post-3333","page","type-page","status-publish","hentry","pmpro-has-access"],"uagb_featured_image_src":{"full":false,"thumbnail":false,"medium":false,"medium_large":false,"large":false,"1536x1536":false,"2048x2048":false,"trp-custom-language-flag":false,"featured-image-medium":false,"featured-img-medium":false},"uagb_author_info":{"display_name":"Soci\u00e9t\u00e9 d'entomologie du Qu\u00e9bec","author_link":"https:\/\/seq.ca\/en\/author\/webmestreseq\/"},"uagb_comment_info":0,"uagb_excerpt":"[pmpro_checkout]","_links":{"self":[{"href":"https:\/\/seq.ca\/en\/wp-json\/wp\/v2\/pages\/3333","targetHints":{"allow":["GET"]}}],"collection":[{"href":"https:\/\/seq.ca\/en\/wp-json\/wp\/v2\/pages"}],"about":[{"href":"https:\/\/seq.ca\/en\/wp-json\/wp\/v2\/types\/page"}],"author":[{"embeddable":true,"href":"https:\/\/seq.ca\/en\/wp-json\/wp\/v2\/users\/1"}],"replies":[{"embeddable":true,"href":"https:\/\/seq.ca\/en\/wp-json\/wp\/v2\/comments?post=3333"}],"version-history":[{"count":0,"href":"https:\/\/seq.ca\/en\/wp-json\/wp\/v2\/pages\/3333\/revisions"}],"up":[{"embeddable":true,"href":"https:\/\/seq.ca\/en\/wp-json\/wp\/v2\/pages\/3330"}],"wp:attachment":[{"href":"https:\/\/seq.ca\/en\/wp-json\/wp\/v2\/media?parent=3333"}],"curies":[{"name":"wp","href":"https:\/\/api.w.org\/{rel}","templated":true}]}}