{"id":3336,"date":"2019-06-24T12:51:37","date_gmt":"2019-06-24T16:51:37","guid":{"rendered":"https:\/\/seq.ca\/compte-dadherent\/niveaux-dadhesion\/"},"modified":"2025-01-14T19:37:46","modified_gmt":"2025-01-15T00:37:46","slug":"devenir-membre","status":"publish","type":"page","link":"https:\/\/seq.ca\/en\/devenir-membre\/","title":{"rendered":"Devenir membre de la Soci\u00e9t\u00e9 d&rsquo;entomologie du Qu\u00e9bec"},"content":{"rendered":"<p><strong>Pour qui&nbsp;:<\/strong> Pour toute personne s\u2019int\u00e9ressant \u00e0 l\u2019entomologie en g\u00e9n\u00e9ral. &nbsp;Appuyer la SEQ, c\u2019est contribuer \u00e0 sa mission et au d\u00e9veloppement et \u00e0 la diffusion des connaissances en entomologie.<\/p>\n\n\n\n<p><strong>Privil\u00e8ges exclusifs&nbsp;:<\/strong><\/p>\n\n\n\n<p>En tant que membre de la SEQ, vous b\u00e9n\u00e9ficiez de plusieurs <em>privil\u00e8ges<\/em> exclusifs dont les suivants&nbsp;<\/p>\n\n\n\n<ul class=\"wp-block-list\">\n<li>Abonnement \u00e0 Antennae qui vise\u00a0\u00e0 partager le fruit de vos communications avec le monde fascinant des insectes.<\/li>\n\n\n\n<li>Prix r\u00e9duit lors des activit\u00e9s payantes de la SEQ dont le congr\u00e8s annuel mettant en lumi\u00e8re des th\u00e8mes innovateurs et des communications scientifiques sur des d\u00e9couvertes r\u00e9centes.<\/li>\n\n\n\n<li>Rabais (10 % et plus) aupr\u00e8s de divers fournisseurs (H\u00f4tels, Location d\u2019auto, Centres horticoles\u2026) et une diversit\u00e9 d\u2019activit\u00e9s aupr\u00e8s de la F\u00e9d\u00e9ration des soci\u00e9t\u00e9s d\u2019horticulture et d\u2019\u00e9cologie du Qu\u00e9bec (FSHEQ).<\/li>\n\n\n\n<li>Possibilit\u00e9 de participer et de voter \u00e0 l\u2019assembl\u00e9e g\u00e9n\u00e9rale annuelle. Les membres peuvent poser leur candidature aux postes \u00e9lectifs du conseil d\u2019administration.<\/li>\n<\/ul>\n\n\n\n<h2 class=\"wp-block-heading\">Niveau d\u2019adh\u00e9sion<\/h2>\n\n\n\n<p>Les prix affich\u00e9s ci-dessous incluent les taxes.<\/p>\n\n\n<p>[pmpro_levels]<\/p>","protected":false},"excerpt":{"rendered":"<p>Pour qui&nbsp;: Pour toute personne s\u2019int\u00e9ressant \u00e0 l\u2019entomologie en g\u00e9n\u00e9ral. &nbsp;Appuyer la SEQ, c\u2019est contribuer \u00e0 sa mission et au d\u00e9veloppement et \u00e0 la diffusion des connaissances en entomologie. Privil\u00e8ges exclusifs&nbsp;: En tant que membre de la SEQ, vous b\u00e9n\u00e9ficiez de plusieurs privil\u00e8ges exclusifs dont les suivants&nbsp; Niveau d\u2019adh\u00e9sion Les prix affich\u00e9s ci-dessous incluent les [&hellip;]<\/p>","protected":false},"author":1,"featured_media":0,"parent":0,"menu_order":0,"comment_status":"closed","ping_status":"closed","template":"","meta":{"pmpro_default_level":"","_uag_custom_page_level_css":"","footnotes":""},"class_list":["post-3336","page","type-page","status-publish","hentry","pmpro-has-access"],"uagb_featured_image_src":{"full":false,"thumbnail":false,"medium":false,"medium_large":false,"large":false,"1536x1536":false,"2048x2048":false,"trp-custom-language-flag":false,"featured-image-medium":false,"featured-img-medium":false},"uagb_author_info":{"display_name":"Soci\u00e9t\u00e9 d'entomologie du Qu\u00e9bec","author_link":"https:\/\/seq.ca\/en\/author\/webmestreseq\/"},"uagb_comment_info":0,"uagb_excerpt":"Pour qui&nbsp;: Pour toute personne s\u2019int\u00e9ressant \u00e0 l\u2019entomologie en g\u00e9n\u00e9ral. &nbsp;Appuyer la SEQ, c\u2019est contribuer \u00e0 sa mission et au d\u00e9veloppement et \u00e0 la diffusion des connaissances en entomologie. Privil\u00e8ges exclusifs&nbsp;: En tant que membre de la SEQ, vous b\u00e9n\u00e9ficiez de plusieurs privil\u00e8ges exclusifs dont les suivants&nbsp; Niveau d\u2019adh\u00e9sion Les prix affich\u00e9s ci-dessous incluent les&hellip;","_links":{"self":[{"href":"https:\/\/seq.ca\/en\/wp-json\/wp\/v2\/pages\/3336","targetHints":{"allow":["GET"]}}],"collection":[{"href":"https:\/\/seq.ca\/en\/wp-json\/wp\/v2\/pages"}],"about":[{"href":"https:\/\/seq.ca\/en\/wp-json\/wp\/v2\/types\/page"}],"author":[{"embeddable":true,"href":"https:\/\/seq.ca\/en\/wp-json\/wp\/v2\/users\/1"}],"replies":[{"embeddable":true,"href":"https:\/\/seq.ca\/en\/wp-json\/wp\/v2\/comments?post=3336"}],"version-history":[{"count":0,"href":"https:\/\/seq.ca\/en\/wp-json\/wp\/v2\/pages\/3336\/revisions"}],"wp:attachment":[{"href":"https:\/\/seq.ca\/en\/wp-json\/wp\/v2\/media?parent=3336"}],"curies":[{"name":"wp","href":"https:\/\/api.w.org\/{rel}","templated":true}]}}